{"id":1370,"date":"2026-04-09T13:50:59","date_gmt":"2026-04-09T13:50:59","guid":{"rendered":"https:\/\/darkcyan-pheasant-754087.hostingersite.com\/?page_id=1370"},"modified":"2026-04-11T12:57:53","modified_gmt":"2026-04-11T12:57:53","slug":"lapsen-ihomuutoksen-poisto","status":"publish","type":"page","link":"https:\/\/lastenkirurgia.fi\/zh\/lapsen-ihomuutoksen-poisto\/","title":{"rendered":"\u5207\u9664\u513f\u7ae5\u76ae\u80a4\u75c5\u53d8"},"content":{"rendered":"<div data-elementor-type=\"wp-page\" data-elementor-id=\"1370\" class=\"elementor elementor-1370\" data-elementor-post-type=\"page\">\n\t\t\t\t<div class=\"elementor-element elementor-element-769c94c e-flex e-con-boxed e-con e-parent\" data-id=\"769c94c\" data-element_type=\"container\" data-e-type=\"container\">\n\t\t\t\t\t<div class=\"e-con-inner\">\n\t\t\t\t<div class=\"elementor-element elementor-element-2855bef elementor-widget elementor-widget-text-editor\" data-id=\"2855bef\" data-element_type=\"widget\" data-e-type=\"widget\" data-widget_type=\"text-editor.default\">\n\t\t\t\t<div class=\"elementor-widget-container\">\n\t\t\t\t\t\t\t\t\t<h2 data-path-to-node=\"2\">\u5982\u4f55\u53bb\u9664\u513f\u7ae5\u76ae\u80a4\u75c5\u53d8\u2014\u2014\u7ed9\u5bb6\u957f\u7684\u6307\u5bfc<\/h2><p data-path-to-node=\"3\">\u53bb\u9664\u76ae\u80a4\u4e0a\u7684\u5f02\u5e38\u53d8\u5316\uff0c\u4f8b\u5982\u75e3\u6216\u5176\u4ed6\u5c0f\u578b\u76ae\u80a4\u75c5\u53d8\uff0c\u662f\u513f\u7ae5\u5e38\u89c1\u7684\u6cbb\u7597\u624b\u6bb5\u3002\u6211\u4eec\u7684\u76ee\u6807\u662f\u5c3d\u53ef\u80fd\u786e\u4fdd\u6cbb\u7597\u8fc7\u7a0b\u5bf9\u5b69\u5b50\u6765\u8bf4\u5b89\u5168\u65e0\u865e\uff0c\u5e76\u51cf\u8f7b\u4ed6\u4eec\u7684\u538b\u529b\u3002.<\/p><h3 data-path-to-node=\"4\">\u9ebb\u9189\u8fd8\u662f\u9ebb\u9189\uff1f<\/h3><p data-path-to-node=\"5\">\u6839\u636e\u5b69\u5b50\u7684\u5e74\u9f84\u548c\u7d27\u5f20\u7a0b\u5ea6\uff0c\u53ef\u4ee5\u5728\u5c40\u90e8\u9ebb\u9189\u6216\u5168\u8eab\u9ebb\u9189\u4e0b\u8fdb\u884c\u624b\u672f\u3002.<\/p><ul data-path-to-node=\"6\"><li><p data-path-to-node=\"6,0,0\"><b data-path-to-node=\"6,0,0\" data-index-in-node=\"0\">\u5c40\u90e8\u9ebb\u9189\uff1a<\/b> \u5bf9\u4e8e\u6d3b\u6cfc\u597d\u52a8\u7684\u5c0f\u5b66\u751f\u6765\u8bf4\uff0c\u5728\u5168\u8eab\u9ebb\u9189\u4e0b\u8fdb\u884c\u624b\u672f\u901a\u5e38\u5f88\u6210\u529f\u3002\u5982\u679c\u5b69\u5b50\u914d\u5408\u9ebb\u9189\uff0c\u624b\u672f\u672c\u8eab\u901a\u5e38\u4e5f\u5f88\u987a\u5229\u3002.<\/p><\/li><li><p data-path-to-node=\"6,1,0\"><b data-path-to-node=\"6,1,0\" data-index-in-node=\"0\">\u9ebb\u836f\uff1a<\/b> \u5982\u679c\u5b69\u5b50\u5bf9\u8fd9\u79cd\u60c5\u51b5\u611f\u5230\u975e\u5e38\u5bb3\u6015\u6216\u7126\u8651\uff0c\u4e0d\u5efa\u8bae\u5f3a\u884c\u8fdb\u884c\u5c40\u90e8\u9ebb\u9189\u3002\u5728\u8fd9\u79cd\u60c5\u51b5\u4e0b\uff0c\u6700\u597d\u91cd\u65b0\u5b89\u6392\u624b\u672f\u65f6\u95f4\uff0c\u5e76\u91c7\u7528\u5168\u8eab\u9ebb\u9189\uff08\u77ed\u65f6\u5168\u8eab\u9ebb\u9189\uff09\u3002\u8fd9\u6837\uff0c\u5b69\u5b50\u5c31\u4e0d\u4f1a\u5bf9\u624b\u672f\u4ea7\u751f\u4efb\u4f55\u6050\u60e7\u6216\u4e0d\u6109\u5feb\u7684\u8bb0\u5fc6\u3002.<\/p><\/li><\/ul><h3 data-path-to-node=\"7\">\u624b\u672f\u524d<\/h3><ul data-path-to-node=\"8\"><li><p data-path-to-node=\"8,0,0\">\u4e8b\u5148\u548c\u5b69\u5b50\u6c9f\u901a\u4e00\u4e0b\u4f1a\u53d1\u751f\u4ec0\u4e48\u3002\u544a\u8bc9\u4ed6\u4eec\u533b\u751f\u53ea\u4f1a\u9ebb\u9189\u4e00\u5c0f\u5757\u76ae\u80a4\uff0c\u6216\u8005\u5141\u8bb8\u5b69\u5b50\u5728\u624b\u672f\u8fc7\u7a0b\u4e2d\u5c0f\u7761\u4e00\u4f1a\u513f\u3002.<\/p><\/li><li><p data-path-to-node=\"8,1,0\">\u5982\u679c\u624b\u672f\u662f\u5728\u9ebb\u9189\u4e0b\u8fdb\u884c\u7684\uff0c\u60a8\u5c06\u6536\u5230\u5173\u4e8e\u7981\u98df\u7684\u5355\u72ec\u8bf4\u660e\u3002.<\/p><\/li><\/ul><hr data-path-to-node=\"9\" \/><h3 data-path-to-node=\"10\">\u672f\u540e\u62a4\u7406\u53ca\u5c45\u5bb6\u62a4\u7406<\/h3><p data-path-to-node=\"11\">\u53d6\u51fa\u8fc7\u7a0b\u672c\u8eab\u5f88\u5feb\u5c31\u7ed3\u675f\u4e86\u3002\u4f24\u53e3\u901a\u5e38\u4e5f\u4f1a\u88ab\u7f1d\u5408\u3002 <b data-path-to-node=\"11\" data-index-in-node=\"53\">\u63a5\u7f1d\u5e73\u6ed1<\/b>, \u8fd9\u4e9b\u4e0d\u9700\u8981\u79fb\u9664\u2014\u2014\u968f\u7740\u65f6\u95f4\u7684\u63a8\u79fb\uff0c\u5b83\u4eec\u4f1a\u81ea\u884c\u6d88\u5931\u3002.<\/p><p data-path-to-node=\"12\"><b data-path-to-node=\"12\" data-index-in-node=\"0\">\u6062\u590d\u548c\u5c40\u9650\u6027\uff1a<\/b> \u4f24\u53e3\u6108\u5408\u521d\u671f\u51e0\u5929\u5185\uff0c\u907f\u514d\u62c9\u4f38\u548c\u5f04\u6e7f\u4f24\u53e3\u90e8\u4f4d\uff0c\u4ee5\u786e\u4fdd\u4f24\u53e3\u5e73\u7a33\u6108\u5408\u3002.<\/p><ul data-path-to-node=\"13\"><li><p data-path-to-node=\"13,0,0\"><b data-path-to-node=\"13,0,0\" data-index-in-node=\"0\">\u5b66\u6821\uff1a<\/b> \u5b69\u5b50\u901a\u5e38\u7b2c\u4e8c\u5929\u5c31\u53ef\u4ee5\u91cd\u8fd4\u5b66\u6821\u6216\u6258\u513f\u6240\u3002.<\/p><\/li><li><p data-path-to-node=\"13,1,0\"><b data-path-to-node=\"13,1,0\" data-index-in-node=\"0\">\u8fd0\u52a8\u548c\u4f53\u80b2\uff1a<\/b> \u5173\u4e8e <b data-path-to-node=\"13,1,0\" data-index-in-node=\"26\">\u4e00\u5468\u5047\u671f<\/b> \u907f\u514d\u8fd0\u52a8\u635f\u4f24\u662f\u5fc5\u8981\u7684\uff0c\u4ee5\u9632\u6b62\u4f24\u53e3\u88c2\u5f00\u6216\u62c9\u626f\u3002.<\/p><\/li><li><p data-path-to-node=\"13,2,0\"><b data-path-to-node=\"13,2,0\" data-index-in-node=\"0\">\u6851\u62ff\u548c\u6e38\u6cf3\uff1a<\/b> \u4e3a\u9632\u6b62\u4f24\u53e3\u611f\u67d3\uff0c\u5e94\u907f\u514d\u6851\u62ff\u3001\u6e38\u6cf3\u548c\u6d17\u6fa1\u7ea6 24 \u5c0f\u65f6\u3002 <b data-path-to-node=\"13,2,0\" data-index-in-node=\"93\">\u4e00\u5468<\/b>. \u53ea\u8981\u8f7b\u8f7b\u62cd\u5e72\u4f24\u53e3\u90e8\u4f4d\uff0c\u5c31\u53ef\u4ee5\u6b63\u5e38\u6dcb\u6d74\uff08\u901a\u5e38\u5728 24 \u5c0f\u65f6\u540e\uff09\u3002.<\/p><\/li><\/ul>\t\t\t\t\t\t\t\t<\/div>\n\t\t\t\t<\/div>\n\t\t\t\t\t<\/div>\n\t\t\t\t<\/div>\n\t\t\t\t<\/div>","protected":false},"excerpt":{"rendered":"<p>Lapsen ihomuutoksen poisto \u2013 ohjeita vanhemmille Ihomuutosten, kuten luomien tai muiden pienten ihopatitien, poisto on lapsilla tavallinen toimenpide. Tavoitteenamme on tehd\u00e4 toimenpiteest\u00e4 lapselle mahdollisimman turvallinen ja v\u00e4h\u00e4n j\u00e4nnitt\u00e4v\u00e4 kokemus. Puudutus vai nukutus? Toimenpide voidaan tehd\u00e4 joko paikallispuudutuksessa tai nukutuksessa lapsen i\u00e4st\u00e4 ja j\u00e4nnityksest\u00e4 riippuen. Paikallispuudutus: Toimenpide onnistuu usein jo ala-asteik\u00e4isilt\u00e4 reippailta lapsilta puudutuksessa. Jos lapsi [&hellip;]<\/p>\n","protected":false},"author":1,"featured_media":0,"parent":0,"menu_order":0,"comment_status":"closed","ping_status":"closed","template":"","meta":{"_angie_page":false,"site-sidebar-layout":"no-sidebar","site-content-layout":"page-builder","ast-site-content-layout":"full-width-container","site-content-style":"default","site-sidebar-style":"default","ast-global-header-display":"","ast-banner-title-visibility":"","ast-main-header-display":"","ast-hfb-above-header-display":"","ast-hfb-below-header-display":"","ast-hfb-mobile-header-display":"","site-post-title":"","ast-breadcrumbs-content":"","ast-featured-img":"disabled","footer-sml-layout":"","ast-disable-related-posts":"","theme-transparent-header-meta":"","adv-header-id-meta":"","stick-header-meta":"","header-above-stick-meta":"","header-main-stick-meta":"","header-below-stick-meta":"","astra-migrate-meta-layouts":"set","ast-page-background-enabled":"default","ast-page-background-meta":{"desktop":{"background-color":"","background-image":"","background-repeat":"repeat","background-position":"center center","background-size":"auto","background-attachment":"scroll","background-type":"","background-media":"","overlay-type":"","overlay-color":"","overlay-opacity":"","overlay-gradient":""},"tablet":{"background-color":"","background-image":"","background-repeat":"repeat","background-position":"center center","background-size":"auto","background-attachment":"scroll","background-type":"","background-media":"","overlay-type":"","overlay-color":"","overlay-opacity":"","overlay-gradient":""},"mobile":{"background-color":"","background-image":"","background-repeat":"repeat","background-position":"center center","background-size":"auto","background-attachment":"scroll","background-type":"","background-media":"","overlay-type":"","overlay-color":"","overlay-opacity":"","overlay-gradient":""}},"ast-content-background-meta":{"desktop":{"background-color":"var(--ast-global-color-5)","background-image":"","background-repeat":"repeat","background-position":"center center","background-size":"auto","background-attachment":"scroll","background-type":"","background-media":"","overlay-type":"","overlay-color":"","overlay-opacity":"","overlay-gradient":""},"tablet":{"background-color":"var(--ast-global-color-5)","background-image":"","background-repeat":"repeat","background-position":"center center","background-size":"auto","background-attachment":"scroll","background-type":"","background-media":"","overlay-type":"","overlay-color":"","overlay-opacity":"","overlay-gradient":""},"mobile":{"background-color":"var(--ast-global-color-5)","background-image":"","background-repeat":"repeat","background-position":"center center","background-size":"auto","background-attachment":"scroll","background-type":"","background-media":"","overlay-type":"","overlay-color":"","overlay-opacity":"","overlay-gradient":""}},"footnotes":""},"class_list":["post-1370","page","type-page","status-publish","hentry"],"_links":{"self":[{"href":"https:\/\/lastenkirurgia.fi\/zh\/wp-json\/wp\/v2\/pages\/1370","targetHints":{"allow":["GET"]}}],"collection":[{"href":"https:\/\/lastenkirurgia.fi\/zh\/wp-json\/wp\/v2\/pages"}],"about":[{"href":"https:\/\/lastenkirurgia.fi\/zh\/wp-json\/wp\/v2\/types\/page"}],"author":[{"embeddable":true,"href":"https:\/\/lastenkirurgia.fi\/zh\/wp-json\/wp\/v2\/users\/1"}],"replies":[{"embeddable":true,"href":"https:\/\/lastenkirurgia.fi\/zh\/wp-json\/wp\/v2\/comments?post=1370"}],"version-history":[{"count":4,"href":"https:\/\/lastenkirurgia.fi\/zh\/wp-json\/wp\/v2\/pages\/1370\/revisions"}],"predecessor-version":[{"id":1538,"href":"https:\/\/lastenkirurgia.fi\/zh\/wp-json\/wp\/v2\/pages\/1370\/revisions\/1538"}],"wp:attachment":[{"href":"https:\/\/lastenkirurgia.fi\/zh\/wp-json\/wp\/v2\/media?parent=1370"}],"curies":[{"name":"wp","href":"https:\/\/api.w.org\/{rel}","templated":true}]}}