{"id":1374,"date":"2026-04-09T13:51:24","date_gmt":"2026-04-09T13:51:24","guid":{"rendered":"https:\/\/darkcyan-pheasant-754087.hostingersite.com\/?page_id=1374"},"modified":"2026-04-12T16:07:26","modified_gmt":"2026-04-12T16:07:26","slug":"lapsen-vatsakipu","status":"publish","type":"page","link":"https:\/\/lastenkirurgia.fi\/zh\/lapsen-vatsakipu\/","title":{"rendered":"\u5b69\u5b50\u809a\u5b50\u75bc"},"content":{"rendered":"<div data-elementor-type=\"wp-page\" data-elementor-id=\"1374\" class=\"elementor elementor-1374\" data-elementor-post-type=\"page\">\n\t\t\t\t<div class=\"elementor-element elementor-element-260bee6 e-flex e-con-boxed e-con e-parent\" data-id=\"260bee6\" data-element_type=\"container\" data-e-type=\"container\">\n\t\t\t\t\t<div class=\"e-con-inner\">\n\t\t\t\t<div class=\"elementor-element elementor-element-00c07d8 elementor-widget elementor-widget-text-editor\" data-id=\"00c07d8\" data-element_type=\"widget\" data-e-type=\"widget\" data-widget_type=\"text-editor.default\">\n\t\t\t\t<div class=\"elementor-widget-container\">\n\t\t\t\t\t\t\t\t\t<h2 data-path-to-node=\"2\">\u513f\u7ae5\u7a81\u53d1\u8179\u75db\u00a0<\/h2><p data-path-to-node=\"3\">\u8179\u75db\u662f\u5e26\u5b69\u5b50\u53bb\u6025\u8bca\u5ba4\u5c31\u8bca\u7684\u6700\u5e38\u89c1\u539f\u56e0\u4e4b\u4e00\u3002\u5927\u591a\u6570\u60c5\u51b5\u4e0b\uff0c\u8179\u75db\u53ea\u662f\u8f7b\u5fae\u7684\u75be\u75c5\uff0c\u4f8b\u5982\u80a0\u80c3\u708e\u6216\u4fbf\u79d8\uff0c\u4f46\u8bc6\u522b\u9700\u8981\u53ca\u65f6\u5c31\u533b\u6216\u624b\u672f\u7684\u60c5\u51b5\u81f3\u5173\u91cd\u8981\u3002.<\/p><h3 data-path-to-node=\"4\">1. \u4ec0\u4e48\u60c5\u51b5\u4e0b\u5e94\u8be5\u53bb\u770b\u533b\u751f\uff1f<\/h3><p data-path-to-node=\"5\">\u5982\u679c\u60a8\u7684\u5b69\u5b50\u51fa\u73b0\u4ee5\u4e0b\u4efb\u4f55\u75c7\u72b6\uff0c\u8bf7\u8054\u7cfb\u533b\u751f\u6216\u524d\u5f80\u6025\u8bca\u5ba4\uff1a<\/p><ul data-path-to-node=\"6\"><li><p data-path-to-node=\"6,0,0\"><b data-path-to-node=\"6,0,0\" data-index-in-node=\"0\">\u75bc\u75db\u5267\u70c8\u3002<\/b> \u5b69\u5b50\u7684\u6574\u4f53\u72b6\u51b5\u5f88\u5dee\u3002.<\/p><\/li><li><p data-path-to-node=\"6,1,0\"><b data-path-to-node=\"6,1,0\" data-index-in-node=\"0\">\u75bc\u75db\u53d8\u5f97\u5c40\u9650\u4e8e\u5c40\u90e8\u3002<\/b> \u5230\u7279\u5b9a\u70b9\uff08\u5c24\u5176\u662f\u53f3\u4e0b\u8179\u90e8\uff09\u3002.<\/p><\/li><li><p data-path-to-node=\"6,2,0\"><b data-path-to-node=\"6,2,0\" data-index-in-node=\"0\">\u8179\u90e8\u8986\u76d6\u7269\u611f\u89c9\u5f88\u786c<\/b> \u6216\u8005\u80c3\u90e8\u89e6\u78b0\u65f6\u975e\u5e38\u75bc\u75db\u3002.<\/p><\/li><li><p data-path-to-node=\"6,3,0\"><b data-path-to-node=\"6,3,0\" data-index-in-node=\"0\">\u5b69\u5b50\u5455\u5410\u7eff\u8272\u6db2\u4f53<\/b> \uff08\u80c6\u6c41\uff09\u6216\u7caa\u4fbf\u5e26\u8840\u3002.<\/p><\/li><li><p data-path-to-node=\"6,4,0\"><b data-path-to-node=\"6,4,0\" data-index-in-node=\"0\">\u75bc\u75db\u4f34\u6709\u9ad8\u70e7\u3002<\/b> \u6216\u6781\u5ea6\u75b2\u52b3\u3002.<\/p><\/li><li><p data-path-to-node=\"6,5,0\"><b data-path-to-node=\"6,5,0\" data-index-in-node=\"0\">\u5b69\u5b50\u4e0d\u4f1a\u8df3\u3002<\/b> \u6216\u8005\u56e0\u75bc\u75db\u800c\u96be\u4ee5\u79fb\u52a8\uff08\u8fd9\u53ef\u80fd\u8868\u660e\u8179\u819c\u53d7\u5230\u523a\u6fc0\uff09\u3002.<\/p><\/li><li><p data-path-to-node=\"6,6,0\"><b data-path-to-node=\"6,6,0\" data-index-in-node=\"0\">\u4e00\u540d\u7537\u5b69\u51fa\u73b0\u777e\u4e38\u75bc\u75db\u548c\u8179\u75db\u3002<\/b> \uff08\u53ef\u80fd\u53d1\u751f\u777e\u4e38\u626d\u8f6c\uff09\u3002.<\/p><\/li><\/ul><h3 data-path-to-node=\"7\">2. \u6309\u5e74\u9f84\u5212\u5206\u7684\u5e38\u89c1\u75c5\u56e0<\/h3><p data-path-to-node=\"8\">\u5bfc\u81f4\u513f\u7ae5\u80c3\u75db\u7684\u539f\u56e0\u56e0\u5e74\u9f84\u800c\u5f02\uff1a<\/p><ul data-path-to-node=\"9\"><li><p data-path-to-node=\"9,0,0\"><b data-path-to-node=\"9,0,0\" data-index-in-node=\"0\">\u5a74\u513f\uff082\u5c81\u4ee5\u4e0b\uff09\uff1a<\/b> * <i data-path-to-node=\"9,0,0\" data-index-in-node=\"28\">\u80a0\u5957\u53e0\uff1a<\/i> \u75bc\u75db\u5448\u9635\u53d1\u6027\uff0c\u5b69\u5b50\u6709\u65f6\u53ef\u80fd\u611f\u89c9\u4e0d\u5230\u75bc\u75db\u3002.<\/p><ul data-path-to-node=\"9,0,1\"><li><p data-path-to-node=\"9,0,1,0,0\"><i data-path-to-node=\"9,0,1,0,0\" data-index-in-node=\"0\">\u5d4c\u987f\u6027\u759d\uff1a<\/i> \u68c0\u67e5\u8179\u80a1\u6c9f\u533a\u57df\u662f\u5426\u6709\u6c34\u75b1\u3002.<\/p><\/li><li><p data-path-to-node=\"9,0,1,1,0\"><i data-path-to-node=\"9,0,1,1,0\" data-index-in-node=\"0\">\u98df\u7ba1\u88c2\u5b54\u72ed\u7a84\uff1a<\/i> 3-6\u5468\u9f84\u5a74\u513f\u51fa\u73b0\u5267\u70c8\u55b7\u5c04\u72b6\u5455\u5410\u3002.<\/p><\/li><\/ul><\/li><li><p data-path-to-node=\"9,1,0\"><b data-path-to-node=\"9,1,0\" data-index-in-node=\"0\">\u5b66\u9f84\u524d\u513f\u7ae5\u548c\u5b66\u9f84\u513f\u7ae5\uff083-12\u5c81\uff09\uff1a<\/b><\/p><ul data-path-to-node=\"9,1,1\"><li><p data-path-to-node=\"9,1,1,0,0\"><i data-path-to-node=\"9,1,1,0,0\" data-index-in-node=\"0\">\u9611\u5c3e\u708e\uff1a<\/i> \u6700\u5e38\u89c1\u7684\u9700\u8981\u624b\u672f\u6cbb\u7597\u7684\u539f\u56e0\u3002\u75bc\u75db\u901a\u5e38\u4ece\u809a\u8110\u5468\u56f4\u5f00\u59cb\uff0c\u5411\u4e0b\u653e\u5c04\u81f3\u53f3\u4fa7\u3002.<\/p><\/li><li><p data-path-to-node=\"9,1,1,1,0\"><i data-path-to-node=\"9,1,1,1,0\" data-index-in-node=\"0\">\u80a0\u9053\u6dcb\u5df4\u7ed3\u708e\uff1a<\/i> \u5b83\u4e0e\u6d41\u611f\u5408\u5e76\u611f\u67d3\u65f6\uff0c\u75c7\u72b6\u53ef\u80fd\u7c7b\u4f3c\u9611\u5c3e\u708e\u3002.<\/p><\/li><\/ul><\/li><li><p data-path-to-node=\"9,2,0\"><b data-path-to-node=\"9,2,0\" data-index-in-node=\"0\">\u9752\u5c11\u5e74\uff0812\u5c81\u4ee5\u4e0a\uff09\uff1a<\/b><\/p><ul data-path-to-node=\"9,2,1\"><li><p data-path-to-node=\"9,2,1,0,0\">\u9611\u5c3e\u708e\u4ecd\u7136\u5f88\u5e38\u89c1\u3002.<\/p><\/li><li><p data-path-to-node=\"9,2,1,1,0\">\u5bf9\u4e8e\u5973\u5b69\uff0c\u8fd8\u5e94\u8003\u8651\u5375\u5de2\u95ee\u9898\uff08\u4f8b\u5982\u56ca\u80bf\u6216\u626d\u8f6c\uff09\u3002.<\/p><\/li><\/ul><\/li><\/ul><h3 data-path-to-node=\"10\">3. \u5728\u533b\u751f\u90a3\u91cc\u4f1a\u53d1\u751f\u4ec0\u4e48\uff1f<\/h3><ul data-path-to-node=\"11\"><li><p data-path-to-node=\"11,0,0\"><b data-path-to-node=\"11,0,0\" data-index-in-node=\"0\">\u7814\u7a76\uff1a<\/b> \u533b\u751f\u4f1a\u6309\u538b\u8179\u90e8\u5e76\u68c0\u67e5\u5b69\u5b50\u7684\u6574\u4f53\u72b6\u51b5\u3002\u68c0\u67e5\u524d\u670d\u7528\u6b62\u75db\u836f\u662f\u5b89\u5168\u7684\u2014\u2014\u8fd9\u4e0d\u4f1a\u63a9\u76d6\u91cd\u8981\u7684\u68c0\u67e5\u7ed3\u679c\uff0c\u53cd\u800c\u4f1a\u4f7f\u68c0\u67e5\u66f4\u52a0\u987a\u5229\u3002.<\/p><\/li><li><p data-path-to-node=\"11,1,0\"><b data-path-to-node=\"11,1,0\" data-index-in-node=\"0\">\u5b9e\u9a8c\u5ba4\u68c0\u6d4b\uff1a<\/b> \u901a\u5e38\u4f1a\u8fdb\u884c\u8840\u6db2\u68c0\u67e5\u4ee5\u68c0\u67e5\u708e\u75c7\uff08CRP\u3001\u767d\u7ec6\u80de\uff09\uff0c\u5e76\u91c7\u96c6\u5c3f\u6db2\u6837\u672c\u3002.<\/p><\/li><li><p data-path-to-node=\"11,2,0\"><b data-path-to-node=\"11,2,0\" data-index-in-node=\"0\">\u6210\u50cf\uff1a<\/b> \u513f\u7ae5\u7684\u4e3b\u8981\u7814\u7a76\u662f <b data-path-to-node=\"11,2,0\" data-index-in-node=\"48\">\u8d85\u58f0\u68c0\u67e5<\/b>. \u7531\u4e8e\u8f90\u5c04\u5242\u91cf\u9ad8\uff0c\u513f\u7ae5\u5e94\u907f\u514d\u63a5\u53d7\u8ba1\u7b97\u673a\u65ad\u5c42\u626b\u63cf\uff08CT\uff09\u68c0\u67e5\u3002.<\/p><\/li><\/ul><h3 data-path-to-node=\"12\">4. \u5bb6\u5ead\u62a4\u7406\u548c\u76d1\u6d4b<\/h3><p data-path-to-node=\"13\">\u5982\u679c\u533b\u751f\u786e\u5b9a\u75c5\u60c5\u4e0d\u9700\u8981\u624b\u672f\uff1a<\/p><ul data-path-to-node=\"14\"><li><p data-path-to-node=\"14,0,0\"><b data-path-to-node=\"14,0,0\" data-index-in-node=\"0\">\u75c7\u72b6\u53d1\u5c55\u60c5\u51b5\u5728\u5bb6\u4e2d\u8fdb\u884c\u76d1\u6d4b\uff1a<\/b> \u5982\u679c\u75bc\u75db\u52a0\u5267\u3001\u75bc\u75db\u90e8\u4f4d\u53d1\u751f\u53d8\u5316\uff0c\u6216\u8005\u5b69\u5b50\u51fa\u73b0\u53d1\u70e7\uff0c\u8bf7\u5bfb\u6c42\u91cd\u65b0\u8bc4\u4f30\u3002.<\/p><\/li><li><p data-path-to-node=\"14,1,0\"><b data-path-to-node=\"14,1,0\" data-index-in-node=\"0\">\u6b62\u75db\u836f\uff1a<\/b> \u60a8\u53ef\u4ee5\u6309\u7167\u533b\u5631\u7ed9\u5b69\u5b50\u670d\u7528\u6b62\u75db\u836f\uff08\u4f8b\u5982\u6251\u70ed\u606f\u75db\uff09\u3002.<\/p><\/li><li><p data-path-to-node=\"14,2,0\"><b data-path-to-node=\"14,2,0\" data-index-in-node=\"0\">\u98df\u7269\uff1a<\/b> \u5982\u679c\u60a8\u6000\u7591\u5b69\u5b50\u60a3\u6709\u9700\u8981\u624b\u672f\u6cbb\u7597\u7684\u75be\u75c5\uff08\u4f8b\u5982\u9611\u5c3e\u708e\uff09\uff0c\u8bf7\u8ba9\u5b69\u5b50\u5f85\u5728\u533b\u9662\u3002 <b data-path-to-node=\"14,2,0\" data-index-in-node=\"93\">\u65e0\u98df\u7269<\/b> \uff08\u7981\u98df\u7981\u6c34\uff09\u76f4\u81f3\u533b\u751f\u8bc4\u4f30\u3002.<\/p><\/li><\/ul><p>Duodecim \u6587\u7ae0<\/p><p><a href=\"https:\/\/www.duodecimlehti.fi\/duo14224\" target=\"_blank\" rel=\"noopener\">https:\/\/www.duodecimlehti.fi\/duo14224<\/a><\/p>\t\t\t\t\t\t\t\t<\/div>\n\t\t\t\t<\/div>\n\t\t\t\t\t<\/div>\n\t\t\t\t<\/div>\n\t\t\t\t<\/div>","protected":false},"excerpt":{"rendered":"<p>Lapsen \u00e4killinen vatsakipu\u00a0 Vatsakipu on yksi tavallisimmista syist\u00e4 hakeutua lapsen kanssa p\u00e4ivystykseen. Useimmiten kyseess\u00e4 on vaaton vaiva, kuten mahatauti tai ummetus, mutta on t\u00e4rke\u00e4\u00e4 tunnistaa tilanteet, jotka vaativat nopeaa l\u00e4\u00e4k\u00e4rin hoitoa tai leikkausta. 1. Milloin on hakeuduttava l\u00e4\u00e4k\u00e4riin? Ota yhteys l\u00e4\u00e4k\u00e4riin tai hakeudu p\u00e4ivystykseen, jos lapsella on jokin seuraavista oireista: Kipu on voimakasta ja lapsen [&hellip;]<\/p>\n","protected":false},"author":1,"featured_media":0,"parent":0,"menu_order":0,"comment_status":"closed","ping_status":"closed","template":"","meta":{"_angie_page":false,"site-sidebar-layout":"no-sidebar","site-content-layout":"page-builder","ast-site-content-layout":"full-width-container","site-content-style":"default","site-sidebar-style":"default","ast-global-header-display":"","ast-banner-title-visibility":"","ast-main-header-display":"","ast-hfb-above-header-display":"","ast-hfb-below-header-display":"","ast-hfb-mobile-header-display":"","site-post-title":"","ast-breadcrumbs-content":"","ast-featured-img":"disabled","footer-sml-layout":"","ast-disable-related-posts":"","theme-transparent-header-meta":"","adv-header-id-meta":"","stick-header-meta":"","header-above-stick-meta":"","header-main-stick-meta":"","header-below-stick-meta":"","astra-migrate-meta-layouts":"set","ast-page-background-enabled":"default","ast-page-background-meta":{"desktop":{"background-color":"","background-image":"","background-repeat":"repeat","background-position":"center center","background-size":"auto","background-attachment":"scroll","background-type":"","background-media":"","overlay-type":"","overlay-color":"","overlay-opacity":"","overlay-gradient":""},"tablet":{"background-color":"","background-image":"","background-repeat":"repeat","background-position":"center center","background-size":"auto","background-attachment":"scroll","background-type":"","background-media":"","overlay-type":"","overlay-color":"","overlay-opacity":"","overlay-gradient":""},"mobile":{"background-color":"","background-image":"","background-repeat":"repeat","background-position":"center center","background-size":"auto","background-attachment":"scroll","background-type":"","background-media":"","overlay-type":"","overlay-color":"","overlay-opacity":"","overlay-gradient":""}},"ast-content-background-meta":{"desktop":{"background-color":"var(--ast-global-color-5)","background-image":"","background-repeat":"repeat","background-position":"center center","background-size":"auto","background-attachment":"scroll","background-type":"","background-media":"","overlay-type":"","overlay-color":"","overlay-opacity":"","overlay-gradient":""},"tablet":{"background-color":"var(--ast-global-color-5)","background-image":"","background-repeat":"repeat","background-position":"center center","background-size":"auto","background-attachment":"scroll","background-type":"","background-media":"","overlay-type":"","overlay-color":"","overlay-opacity":"","overlay-gradient":""},"mobile":{"background-color":"var(--ast-global-color-5)","background-image":"","background-repeat":"repeat","background-position":"center center","background-size":"auto","background-attachment":"scroll","background-type":"","background-media":"","overlay-type":"","overlay-color":"","overlay-opacity":"","overlay-gradient":""}},"footnotes":""},"class_list":["post-1374","page","type-page","status-publish","hentry"],"_links":{"self":[{"href":"https:\/\/lastenkirurgia.fi\/zh\/wp-json\/wp\/v2\/pages\/1374","targetHints":{"allow":["GET"]}}],"collection":[{"href":"https:\/\/lastenkirurgia.fi\/zh\/wp-json\/wp\/v2\/pages"}],"about":[{"href":"https:\/\/lastenkirurgia.fi\/zh\/wp-json\/wp\/v2\/types\/page"}],"author":[{"embeddable":true,"href":"https:\/\/lastenkirurgia.fi\/zh\/wp-json\/wp\/v2\/users\/1"}],"replies":[{"embeddable":true,"href":"https:\/\/lastenkirurgia.fi\/zh\/wp-json\/wp\/v2\/comments?post=1374"}],"version-history":[{"count":4,"href":"https:\/\/lastenkirurgia.fi\/zh\/wp-json\/wp\/v2\/pages\/1374\/revisions"}],"predecessor-version":[{"id":1667,"href":"https:\/\/lastenkirurgia.fi\/zh\/wp-json\/wp\/v2\/pages\/1374\/revisions\/1667"}],"wp:attachment":[{"href":"https:\/\/lastenkirurgia.fi\/zh\/wp-json\/wp\/v2\/media?parent=1374"}],"curies":[{"name":"wp","href":"https:\/\/api.w.org\/{rel}","templated":true}]}}