{"id":1378,"date":"2026-04-09T13:52:19","date_gmt":"2026-04-09T13:52:19","guid":{"rendered":"https:\/\/darkcyan-pheasant-754087.hostingersite.com\/?page_id=1378"},"modified":"2026-04-12T15:58:42","modified_gmt":"2026-04-12T15:58:42","slug":"lapsen-ummetus","status":"publish","type":"page","link":"https:\/\/lastenkirurgia.fi\/zh\/lapsen-ummetus\/","title":{"rendered":"\u513f\u7ae5\u4fbf\u79d8"},"content":{"rendered":"<div data-elementor-type=\"wp-page\" data-elementor-id=\"1378\" class=\"elementor elementor-1378\" data-elementor-post-type=\"page\">\n\t\t\t\t<div class=\"elementor-element elementor-element-891d0ce e-flex e-con-boxed e-con e-parent\" data-id=\"891d0ce\" data-element_type=\"container\" data-e-type=\"container\">\n\t\t\t\t\t<div class=\"e-con-inner\">\n\t\t\t\t<div class=\"elementor-element elementor-element-7342566 elementor-widget elementor-widget-text-editor\" data-id=\"7342566\" data-element_type=\"widget\" data-e-type=\"widget\" data-widget_type=\"text-editor.default\">\n\t\t\t\t<div class=\"elementor-widget-container\">\n\t\t\t\t\t\t\t\t\t<h2 data-path-to-node=\"2\">\u513f\u7ae5\u4fbf\u79d8\u548c\u5927\u4fbf\u5931\u7981\u2014\u2014\u5bb6\u5ead\u62a4\u7406\u548c\u6cbb\u7597\u6307\u5357<\/h2><p data-path-to-node=\"3\">\u6bcf\u4e2a\u5b69\u5b50\u7684\u6392\u4fbf\u60c5\u51b5\u90fd\u4e0d\u5c3d\u76f8\u540c\uff1a\u6709\u7684\u5b69\u5b50\u4e00\u5929\u6392\u4fbf\u6570\u6b21\uff0c\u6709\u7684\u5b69\u5b50\u5219\u4e00\u5929\u6392\u4fbf\u6b21\u6570\u8f83\u5c11\u3002\u539f\u5219\u4e0a\uff0c\u5b69\u5b50\u5e94\u8be5\u6bcf\u5929\u6216\u51e0\u4e4e\u6bcf\u5929\u6392\u4fbf\u3002\u5a74\u5e7c\u513f\u7684\u6392\u4fbf\u89c4\u5f8b\u5404\u4e0d\u76f8\u540c\uff0c\u4ed6\u4eec\u7684\u80a0\u80c3\u529f\u80fd\u4e5f\u53ef\u80fd\u975e\u5e38\u4e0d\u89c4\u5f8b\u3002\u4fbf\u79d8\u662f\u4e00\u4e2a\u5e38\u89c1\u95ee\u9898\uff08\u9ad8\u8fbe25%\u4ee5\u4e0a\u7684%\u60a3\u513f\uff09\uff0c\u5e94\u53ca\u65e9\u6cbb\u7597\uff0c\u4ee5\u514d\u53d1\u5c55\u6210\u957f\u671f\u95ee\u9898\u3002.<\/p><h3 data-path-to-node=\"4\">1. \u4fbf\u79d8\u5728\u4ec0\u4e48\u60c5\u51b5\u4e0b\u4f1a\u6210\u4e3a\u95ee\u9898\uff1f<\/h3><p data-path-to-node=\"5\">\u5982\u679c\u5b69\u5b50\u5728\u4e00\u4e2a\u6708\u5185\u51fa\u73b0\u4ee5\u4e0b\u81f3\u5c11\u4e24\u79cd\u75c7\u72b6\uff0c\u5219\u53ef\u8bca\u65ad\u4e3a\u4fbf\u79d8\uff1a<\/p><ul data-path-to-node=\"6\"><li><p data-path-to-node=\"6,0,0\">\u6392\u4fbf\u6b21\u6570\u4e0d\u591a\u2014\u2014\u901a\u5e38\u5c11\u4e8e\u9694\u5929\u4e00\u6b21\u3002\u6709\u65f6\u5373\u4f7f\u51e0\u4e4e\u6bcf\u5929\u90fd\u6392\u4fbf\uff0c\u4e5f\u4f1a\u51fa\u73b0\u4fbf\u79d8\u3002<\/p><\/li><li><p data-path-to-node=\"6,1,0\">\u5927\u4fbf\u5e72\u7ed3\u6216\u6392\u4fbf\u75bc\u75db\u3002.<\/p><\/li><li><p data-path-to-node=\"6,2,0\">\u5b69\u5b50\u660e\u663e\u662f\u5728\u618b\u4fbf\u6216\u8005\u5bb3\u6015\u6392\u4fbf\u3002.<\/p><\/li><li><p data-path-to-node=\"6,3,0\">\u7caa\u4fbf\u91cf\u5f88\u5927\u3002.<\/p><\/li><li><p data-path-to-node=\"6,4,0\"><b data-path-to-node=\"6,4,0\" data-index-in-node=\"0\">\u6c61\u635f\uff1a<\/b> \u7caa\u4fbf\u610f\u5916\u6e17\u5165\u88e4\u5b50\uff08\u9002\u7528\u4e8e 4 \u5c81\u4ee5\u4e0a\u513f\u7ae5\uff09\u3002.<\/p><\/li><\/ul><p data-path-to-node=\"7\"><b data-path-to-node=\"7\" data-index-in-node=\"0\">\u5178\u5f53\u7684\u8ff9\u8c61\uff1a<\/b> \u5a74\u513f\u53ef\u80fd\u4f1a\u4f38\u5c55\u8eab\u4f53\u5e76\u7ef7\u7d27\u81c0\u90e8\u3002\u5e7c\u513f\u53ef\u80fd\u4f1a\u8e2e\u8d77\u811a\u5c16\u3001\u53cc\u817f\u7d27\u7d27\u5e76\u62e2\u6216\u524d\u540e\u6447\u6643\u8eab\u4f53\u3002.<\/p><h3 data-path-to-node=\"8\">2. \u4fbf\u79d8\u7684\u81ea\u6211\u6cbb\u7597<\/h3><h4 data-path-to-node=\"9\">\u996e\u98df<\/h4><ul data-path-to-node=\"10\"><li><p data-path-to-node=\"10,0,0\"><b data-path-to-node=\"10,0,0\" data-index-in-node=\"0\">\u7ea4\u7ef4\uff1a<\/b> \u6dfb\u52a0\u5168\u8c37\u7269\uff08\u9ed1\u9ea6\u9762\u5305\u3001\u71d5\u9ea6\u7247\uff09\u3001\u852c\u83dc\u3001\u6c34\u679c\u548c\u6d46\u679c\u3002.<\/p><\/li><li><p data-path-to-node=\"10,1,0\"><b data-path-to-node=\"10,1,0\" data-index-in-node=\"0\">\u5929\u7136\u67d4\u987a\u5242\uff1a<\/b> \u674e\u5b50\u6216\u8292\u679c\u6ce5\u3001\u78e8\u788e\u7684\u68a8\u548c\u9ea6\u82bd\u63d0\u53d6\u7269\uff08\u5a74\u513f\u9002\u7528\uff09\u4f1a\u6709\u5e2e\u52a9\u3002.<\/p><\/li><li><p data-path-to-node=\"10,2,0\"><b data-path-to-node=\"10,2,0\" data-index-in-node=\"0\">\u6db2\u4f53\uff1a<\/b> \u786e\u4fdd\u5b69\u5b50\u559d\u8db3\u591f\u7684\u6c34\u3002.<\/p><\/li><li><p data-path-to-node=\"10,3,0\"><b data-path-to-node=\"10,3,0\" data-index-in-node=\"0\">\u529b\u91cf\uff1a<\/b> \u51cf\u5c11\u98df\u7528\u4f1a\u4f7f\u80a0\u9053\u786c\u5316\u7684\u98df\u7269\uff0c\u4f8b\u5982\u9999\u8549\u3001\u767d\u9762\u5305\u3001\u53ef\u53ef\u548c\u84dd\u8393\u6c41\u3002\u9650\u5236\u8fc7\u91cf\u996e\u7528\u725b\u5976\u3002.<\/p><\/li><\/ul><h4 data-path-to-node=\"11\">\u5982\u5395\u4e60\u60ef<\/h4><ul data-path-to-node=\"12\"><li><p data-path-to-node=\"12,0,0\"><b data-path-to-node=\"12,0,0\" data-index-in-node=\"0\">\u89c4\u5f8b\u6027\uff1a<\/b> \u6559\u5b69\u5b50\u6bcf\u9910\u996d\u540e\u5750\u5728\u4fbf\u76c6\u6216\u9a6c\u6876\u5ea7\u4e0a 10-15 \u5206\u949f\u3002.<\/p><\/li><li><p data-path-to-node=\"12,1,0\"><b data-path-to-node=\"12,1,0\" data-index-in-node=\"0\">\u6b63\u786e\u4f4d\u7f6e\uff1a<\/b> \u5728\u5a74\u513f\u5e8a\u8fb9\u653e\u7f6e\u811a\u51f3\uff0c\u4f7f\u5b69\u5b50\u7684\u53cc\u811a\u7a33\u7a33\u5730\u653e\u5728\u51f3\u9762\u4e0a\uff0c\u59ff\u52bf\u5448\u8e72\u59ff\u3002.<\/p><\/li><li><p data-path-to-node=\"12,2,0\"><b data-path-to-node=\"12,2,0\" data-index-in-node=\"0\">\u79ef\u6781\u6027\uff1a<\/b> \u4e0d\u8981\u6279\u8bc4\u9519\u8bef\uff0c\u8981\u5956\u52b1\u6210\u529f\uff08\u4f8b\u5982\uff0c\u4e00\u5f20\u4fbf\u7b7e\uff09\u3002.<\/p><\/li><\/ul><h3 data-path-to-node=\"13\">3. \u6392\u4fbf\uff08\u9057\u7caa\u75c7\uff09<\/h3><p data-path-to-node=\"14\">\u5927\u4fbf\u5931\u7981\u662f\u6307\u7caa\u4fbf\u65e0\u610f\u8bc6\u5730\u6e17\u5165\u88e4\u5b50\u3002\u8fd190%\u7684%\u75c5\u4f8b\u662f\u7531\u4e25\u91cd\u4fbf\u79d8\u5f15\u8d77\u7684\uff1a\u7ed3\u80a0\u5185\u786c\u7ed3\u7684\u7caa\u4fbf\u56e2\u5757\uff08\u963b\u585e\uff09\u963b\u788d\u4e86\u6b63\u5e38\u7684\u6392\u4fbf\uff0c\u5bfc\u81f4\u7a00\u4fbf\u4e0d\u53d7\u63a7\u5236\u5730\u6d41\u8fc7\u963b\u585e\u5904\u3002.<\/p><ul data-path-to-node=\"15\"><li><p data-path-to-node=\"15,0,0\"><b data-path-to-node=\"15,0,0\" data-index-in-node=\"0\">\u8fd9\u4e0d\u662f\u6545\u610f\u7684\uff1a<\/b> \u5b69\u5b50\u5e76\u4e0d\u77e5\u9053\u7caa\u4fbf\u4f1a\u8fdb\u6765\uff0c\u4e5f\u4e0d\u77e5\u9053\u53ef\u80fd\u4f1a\u6709\u5f02\u5473\u3002\u5b69\u5b50\u4e0d\u5e94\u8be5\u56e0\u4e3a\u5f04\u810f\u623f\u95f4\u800c\u53d7\u5230\u60e9\u7f5a\u3002.<\/p><\/li><li><p data-path-to-node=\"15,1,0\"><b data-path-to-node=\"15,1,0\" data-index-in-node=\"0\">\u5173\u5fc3\uff1a<\/b> \u5f53\u6f5c\u5728\u7684\u4fbf\u79d8\u95ee\u9898\u5f97\u5230\u6709\u6548\u6cbb\u7597\u540e\uff0c\u7caa\u4fbf\u6c61\u6e0d\u7684\u60c5\u51b5\u5c31\u4f1a\u6539\u5584\u3002.<\/p><\/li><\/ul><h3 data-path-to-node=\"16\">4. \u836f\u7269\u6cbb\u7597<\/h3><p data-path-to-node=\"17\">\u5982\u679c\u4e00\u4e2a\u6708\u5185\u81ea\u6211\u62a4\u7406\u6548\u679c\u4e0d\u4f73\uff0c\u5219\u5e94\u6309\u7167\u533b\u751f\u6216\u8bca\u6240\u7684\u6307\u793a\u5f00\u59cb\u670d\u7528\u836f\u7269\u3002.<\/p><ul data-path-to-node=\"18\"><li><p data-path-to-node=\"18,0,0\"><b data-path-to-node=\"18,0,0\" data-index-in-node=\"0\">\u9760\u57ab\uff1a<\/b> \u805a\u4e59\u4e8c\u9187\u6216\u4e73\u679c\u7cd6\u5236\u5242\u53ef\u4ee5\u8f6f\u5316\u7caa\u4fbf\u3002\u5fc5\u987b\u957f\u671f\u4f7f\u7528\uff08\u6570\u5468\u6216\u6570\u6708\uff09\uff0c\u624d\u80fd\u4f7f\u76f4\u80a0\u6062\u590d\uff0c\u5e76\u4f7f\u5b69\u5b50\u5b66\u4f1a\u6392\u4fbf\u4e0d\u518d\u75bc\u75db\u3002.<\/p><\/li><li><p data-path-to-node=\"18,1,0\"><b data-path-to-node=\"18,1,0\" data-index-in-node=\"0\">\u758f\u6563\uff1a<\/b> \u5982\u679c\u80a0\u9053\u5185\u6709\u5927\u91cf\u7caa\u4fbf\u5d4c\u585e\uff0c\u6cbb\u7597\u901a\u5e38\u4ece\u704c\u80a0\u5f00\u59cb\u3002.<\/p><\/li><\/ul><h3 data-path-to-node=\"19\">5. \u6211\u5e94\u8be5\u4ec0\u4e48\u65f6\u5019\u53bb\u770b\u533b\u751f\uff1f<\/h3><p data-path-to-node=\"20\">\u5982\u679c\u51fa\u73b0\u4ee5\u4e0b\u60c5\u51b5\uff0c\u8bf7\u8054\u7cfb\u8bca\u6240\u6216\u533b\u751f\uff1a<\/p><ul data-path-to-node=\"21\"><li><p data-path-to-node=\"21,0,0\">\u4fbf\u79d8\u5df2\u7ecf\u6301\u7eed\u4e00\u4e2a\u591a\u6708\u4e86\uff0c\u81ea\u884c\u6cbb\u7597\u4e5f\u6ca1\u6709\u6548\u679c\u3002.<\/p><\/li><li><p data-path-to-node=\"21,1,0\">\u7caa\u4fbf\u4e2d\u6709\u8840\u3002.<\/p><\/li><li><p data-path-to-node=\"21,2,0\">\u5b69\u5b50\u809a\u5b50\u5267\u75db\u3002.<\/p><\/li><li><p data-path-to-node=\"21,3,0\">\u65b0\u751f\u513f\/\u5c0f\u5a74\u513f\u6392\u4fbf\u6b21\u6570\u6781\u5c11\uff08\u6bcf\u5468\u5c11\u4e8e\u4e00\u6b21\uff09\u3002.<\/p><\/li><li><p data-path-to-node=\"21,4,0\">\u5373\u4f7f\u5b69\u5b50\u5df2\u7ecf\u5b66\u4f1a\u4e86\u6574\u6d01\uff0c\u6df7\u4e71\u7684\u60c5\u51b5\u8fd8\u662f\u4f1a\u518d\u6b21\u51fa\u73b0\u3002.<\/p><\/li><\/ul><p>\u5065\u5eb7\u56fe\u4e66\u9986\u6587\u7ae0<\/p><p><a href=\"https:\/\/www.terveyskirjasto.fi\/dlk00533\" target=\"_blank\" rel=\"noopener\">https:\/\/www.terveyskirjasto.fi\/dlk00533<\/a><\/p>\t\t\t\t\t\t\t\t<\/div>\n\t\t\t\t<\/div>\n\t\t\t\t\t<\/div>\n\t\t\t\t<\/div>\n\t\t\t\t<\/div>","protected":false},"excerpt":{"rendered":"<p>Lapsen ummetus ja tuhriminen \u2013 Ohjeita kotiin ja hoitoon Lapsen suolen toiminta on yksil\u00f6llist\u00e4: osa ulostaa useasti p\u00e4iv\u00e4ss\u00e4, osa harvemmin kuin joka p\u00e4iv\u00e4. Periaatteessa lapsen pit\u00e4isi ulostaa p\u00e4ivitt\u00e4in tai l\u00e4hes p\u00e4ivitt\u00e4in. Pienill\u00e4 vauvoilla on vatsan toiminnan suhteen eri kuviot ja vatsa saattaa toimia hyvinkin ep\u00e4s\u00e4\u00e4nn\u00f6llisesti. Ummetus on yleinen vaiva ( jopa &gt;25 % lapsista), joka [&hellip;]<\/p>\n","protected":false},"author":1,"featured_media":0,"parent":0,"menu_order":0,"comment_status":"closed","ping_status":"closed","template":"","meta":{"_angie_page":false,"site-sidebar-layout":"no-sidebar","site-content-layout":"page-builder","ast-site-content-layout":"full-width-container","site-content-style":"default","site-sidebar-style":"default","ast-global-header-display":"","ast-banner-title-visibility":"","ast-main-header-display":"","ast-hfb-above-header-display":"","ast-hfb-below-header-display":"","ast-hfb-mobile-header-display":"","site-post-title":"","ast-breadcrumbs-content":"","ast-featured-img":"disabled","footer-sml-layout":"","ast-disable-related-posts":"","theme-transparent-header-meta":"","adv-header-id-meta":"","stick-header-meta":"","header-above-stick-meta":"","header-main-stick-meta":"","header-below-stick-meta":"","astra-migrate-meta-layouts":"set","ast-page-background-enabled":"default","ast-page-background-meta":{"desktop":{"background-color":"","background-image":"","background-repeat":"repeat","background-position":"center center","background-size":"auto","background-attachment":"scroll","background-type":"","background-media":"","overlay-type":"","overlay-color":"","overlay-opacity":"","overlay-gradient":""},"tablet":{"background-color":"","background-image":"","background-repeat":"repeat","background-position":"center center","background-size":"auto","background-attachment":"scroll","background-type":"","background-media":"","overlay-type":"","overlay-color":"","overlay-opacity":"","overlay-gradient":""},"mobile":{"background-color":"","background-image":"","background-repeat":"repeat","background-position":"center center","background-size":"auto","background-attachment":"scroll","background-type":"","background-media":"","overlay-type":"","overlay-color":"","overlay-opacity":"","overlay-gradient":""}},"ast-content-background-meta":{"desktop":{"background-color":"var(--ast-global-color-5)","background-image":"","background-repeat":"repeat","background-position":"center center","background-size":"auto","background-attachment":"scroll","background-type":"","background-media":"","overlay-type":"","overlay-color":"","overlay-opacity":"","overlay-gradient":""},"tablet":{"background-color":"var(--ast-global-color-5)","background-image":"","background-repeat":"repeat","background-position":"center center","background-size":"auto","background-attachment":"scroll","background-type":"","background-media":"","overlay-type":"","overlay-color":"","overlay-opacity":"","overlay-gradient":""},"mobile":{"background-color":"var(--ast-global-color-5)","background-image":"","background-repeat":"repeat","background-position":"center center","background-size":"auto","background-attachment":"scroll","background-type":"","background-media":"","overlay-type":"","overlay-color":"","overlay-opacity":"","overlay-gradient":""}},"footnotes":""},"class_list":["post-1378","page","type-page","status-publish","hentry"],"_links":{"self":[{"href":"https:\/\/lastenkirurgia.fi\/zh\/wp-json\/wp\/v2\/pages\/1378","targetHints":{"allow":["GET"]}}],"collection":[{"href":"https:\/\/lastenkirurgia.fi\/zh\/wp-json\/wp\/v2\/pages"}],"about":[{"href":"https:\/\/lastenkirurgia.fi\/zh\/wp-json\/wp\/v2\/types\/page"}],"author":[{"embeddable":true,"href":"https:\/\/lastenkirurgia.fi\/zh\/wp-json\/wp\/v2\/users\/1"}],"replies":[{"embeddable":true,"href":"https:\/\/lastenkirurgia.fi\/zh\/wp-json\/wp\/v2\/comments?post=1378"}],"version-history":[{"count":4,"href":"https:\/\/lastenkirurgia.fi\/zh\/wp-json\/wp\/v2\/pages\/1378\/revisions"}],"predecessor-version":[{"id":1661,"href":"https:\/\/lastenkirurgia.fi\/zh\/wp-json\/wp\/v2\/pages\/1378\/revisions\/1661"}],"wp:attachment":[{"href":"https:\/\/lastenkirurgia.fi\/zh\/wp-json\/wp\/v2\/media?parent=1378"}],"curies":[{"name":"wp","href":"https:\/\/api.w.org\/{rel}","templated":true}]}}