{"id":1380,"date":"2026-04-09T13:52:34","date_gmt":"2026-04-09T13:52:34","guid":{"rendered":"https:\/\/darkcyan-pheasant-754087.hostingersite.com\/?page_id=1380"},"modified":"2026-04-12T15:52:33","modified_gmt":"2026-04-12T15:52:33","slug":"lapsen-kastelu","status":"publish","type":"page","link":"https:\/\/lastenkirurgia.fi\/zh\/lapsen-kastelu\/","title":{"rendered":"\u5c3f\u6e7f\u5b69\u5b50"},"content":{"rendered":"<div data-elementor-type=\"wp-page\" data-elementor-id=\"1380\" class=\"elementor elementor-1380\" data-elementor-post-type=\"page\">\n\t\t\t\t<div class=\"elementor-element elementor-element-0a69728 e-flex e-con-boxed e-con e-parent\" data-id=\"0a69728\" data-element_type=\"container\" data-e-type=\"container\">\n\t\t\t\t\t<div class=\"e-con-inner\">\n\t\t\t\t<div class=\"elementor-element elementor-element-a998f74 elementor-widget elementor-widget-text-editor\" data-id=\"a998f74\" data-element_type=\"widget\" data-e-type=\"widget\" data-widget_type=\"text-editor.default\">\n\t\t\t\t<div class=\"elementor-widget-container\">\n\t\t\t\t\t\t\t\t\t<h2 data-path-to-node=\"2\">\u513f\u7ae5\u70e6\u8e81\u4e0d\u5b89\u2014\u2014\u5bb6\u5ead\u62a4\u7406\u6307\u5bfc<\/h2><p data-path-to-node=\"3\">\u513f\u7ae5\u7684\u8180\u80f1\u63a7\u5236\u80fd\u529b\u662f\u4e00\u9879\u590d\u6742\u7684\u6280\u80fd\uff0c\u901a\u5e38\u56e0\u4eba\u800c\u5f02\uff0c\u9700\u8981\u65f6\u95f4\u53d1\u5c55\u6210\u719f\u3002 <b data-path-to-node=\"3\" data-index-in-node=\"87\">\u9002\u54084-6\u5c81\u513f\u7ae5<\/b> \u5c3f\u5e8a\u4f5c\u4e3a\u552f\u4e00\u75c7\u72b6\u5f88\u5c11\u662f\u75be\u75c5\u7684\u5f81\u5146\uff0c\u4f46\u53ef\u80fd\u4f1a\u7ed9\u5b69\u5b50\u7684\u81ea\u5c0a\u5fc3\u548c\u5bb6\u5ead\u7684\u65e5\u5e38\u751f\u6d3b\u5e26\u6765\u538b\u529b\u3002.<\/p><h3 data-path-to-node=\"4\">1. \u5c3f\u5e8a<\/h3><p data-path-to-node=\"5\">\u5c3f\u5e8a\u901a\u5e38\u662f\u7531\u4e8e\u7761\u7720\u8fc7\u6df1\uff08\u5b69\u5b50\u6ca1\u6709\u56e0\u8180\u80f1\u5145\u76c8\u611f\u800c\u9192\u6765\uff09\u6216\u591c\u95f4\u6392\u5c3f\u529f\u80fd\u4e0d\u5168\u5f15\u8d77\u7684\u3002\u8fd9\u79cd\u503e\u5411\u901a\u5e38\u5177\u6709\u9057\u4f20\u6027\u3002.<\/p><p data-path-to-node=\"6\"><b data-path-to-node=\"6\" data-index-in-node=\"0\">\u5c45\u5bb6\u81ea\u6211\u62a4\u7406\uff1a<\/b><\/p><ul data-path-to-node=\"7\"><li><p data-path-to-node=\"7,0,0\"><b data-path-to-node=\"7,0,0\" data-index-in-node=\"0\">\u665a\u95f4\u996e\u9152\uff1a<\/b> \u7761\u524d\u4e24\u5c0f\u65f6\u5de6\u53f3\u9650\u5236\u996e\u9152\u3002\u6700\u597d\u5728\u540c\u4e00\u65f6\u95f4\u5403\u665a\u9910\u3002.<\/p><\/li><li><p data-path-to-node=\"7,1,0\"><b data-path-to-node=\"7,1,0\" data-index-in-node=\"0\">\u5982\u5395\u6d41\u7a0b\uff1a<\/b> \u7761\u524d\u53bb\u8d9f\u6d17\u624b\u95f4\u3002.<\/p><\/li><li><p data-path-to-node=\"7,2,0\"><b data-path-to-node=\"7,2,0\" data-index-in-node=\"0\">\u591c\u95f4\u5c3f\u5e03\uff1a<\/b> \u5141\u8bb8\u4f7f\u7528\u5c3f\u5e03\uff0c\u8fd9\u4e0d\u4f1a\u5ef6\u7f13\u5b9d\u5b9d\u5b66\u4f1a\u72ec\u7acb\u6392\u4fbf\u7684\u8fc7\u7a0b\u3002\u5b83\u8fd8\u80fd\u6539\u5584\u6bcf\u4e2a\u4eba\u7684\u7761\u7720\u8d28\u91cf\uff0c\u5e76\u51cf\u5c11\u6d17\u8863\u91cf\u3002.<\/p><\/li><li><p data-path-to-node=\"7,3,0\"><b data-path-to-node=\"7,3,0\" data-index-in-node=\"0\">\u59ff\u6001\uff1a<\/b> \u4e0d\u8981\u8d23\u5907\u6216\u60e9\u7f5a\u3002\u8981\u8868\u626c\u6210\u529f\uff08\u6bd4\u5982\u6212\u9152\uff09\u3002.<\/p><\/li><\/ul><p data-path-to-node=\"8\"><b data-path-to-node=\"8\" data-index-in-node=\"0\">\u4f55\u65f6\u63a5\u53d7\u6cbb\u7597\uff1f<\/b> \u5982\u679c6\u5c81\u4ee5\u4e0a\u7684\u513f\u7ae5\u7ecf\u5e38\u5c3f\u5e8a\u5e76\u611f\u5230\u4e0d\u9002\uff0c\u8bf7\u4e0e\u533b\u751f\u8ba8\u8bba\u6b64\u4e8b\u3002.<\/p><ul data-path-to-node=\"9\"><li><p data-path-to-node=\"9,0,0\"><b data-path-to-node=\"9,0,0\" data-index-in-node=\"0\">\u6d47\u6c34\u8b66\u62a5\uff1a<\/b> \u4e00\u79cd\u6709\u6548\u7684\u65b9\u6cd5\uff08\u7ea6\u670970\u79cd%\u7684\u76ca\u5904\uff09\uff0c\u5b83\u80fd\u8bad\u7ec3\u5927\u8111\u5728\u8180\u80f1\u5145\u76c8\u65f6\u9192\u6765\u3002\u9700\u8981\u5168\u5bb6\u4eba\u6301\u7eed\u6570\u6708\u7684\u575a\u6301\u3002.<\/p><\/li><li><p data-path-to-node=\"9,1,0\"><b data-path-to-node=\"9,1,0\" data-index-in-node=\"0\">\u836f\u7269\u6cbb\u7597\uff08\u53bb\u6c28\u52a0\u538b\u7d20\uff09\uff1a<\/b> \u51cf\u5c11\u591c\u95f4\u5c3f\u91cf\u3002\u5e2e\u52a9\u8bb8\u591a\u4eba\u4fdd\u6301\u5e72\u723d\uff0c\u4f8b\u5982\u5728\u591c\u95f4\u5c31\u8bca\u65f6\u3002.<\/p><\/li><\/ul><hr data-path-to-node=\"10\" \/><h3 data-path-to-node=\"11\">2. \u6bcf\u65e5\u6d47\u6c34<\/h3><p data-path-to-node=\"12\">\u5c3f\u5e8a\u901a\u5e38\u662f\u7531\u4e8e\u73a9\u800d\u65f6\u8fc7\u4e8e\u5174\u594b\u800c\u5fd8\u8bb0\u6392\u5c3f\uff0c\u6216\u8005\u618b\u5c3f\u65f6\u95f4\u8fc7\u957f\u9020\u6210\u7684\u3002.<\/p><p data-path-to-node=\"13\"><b data-path-to-node=\"13\" data-index-in-node=\"0\">\u81ea\u6211\u62a4\u7406\u548c\u953b\u70bc\uff1a<\/b><\/p><ul data-path-to-node=\"14\"><li><p data-path-to-node=\"14,0,0\"><b data-path-to-node=\"14,0,0\" data-index-in-node=\"0\">\u89c4\u5f8b\u6392\u5c3f\u8282\u5f8b\uff1a<\/b> \u4ee5\u201d\u65f6\u949f\u201d\u4e3a\u53c2\u8003\u3002\u4e24\u6b21\u6392\u5c3f\u4e4b\u95f4\u7684\u5408\u9002\u95f4\u9694\u5927\u7ea6\u4e3a\uff1a <b data-path-to-node=\"14,0,0\" data-index-in-node=\"81\">2\u5c0f\u65f6<\/b>. \u5e94\u907f\u514d\u8d85\u8fc74\u5c0f\u65f6\u7684\u95f4\u9694\u3002.<\/p><\/li><li><p data-path-to-node=\"14,1,0\"><b data-path-to-node=\"14,1,0\" data-index-in-node=\"0\">\u4e00\u6b21\u5e73\u9759\u7684\u5982\u5395\u4f53\u9a8c\uff1a<\/b> \u4f60\u4e0d\u5141\u8bb8\u5728\u5395\u6240\u5c0f\u4fbf\u3002\u4f60\u5fc5\u987b\u5f7b\u5e95\u6392\u7a7a\u8180\u80f1\uff0c\u5982\u6709\u5fc5\u8981\uff0c\u7a0d\u7b49\u7247\u523b\u540e\u518d\u5c1d\u8bd5\u5c0f\u4fbf\u3002.<\/p><\/li><li><p data-path-to-node=\"14,2,0\"><b data-path-to-node=\"14,2,0\" data-index-in-node=\"0\">\u536b\u751f\uff1a<\/b> \u6bcf\u5929\u7528\u6e05\u6c34\u6e05\u6d17\u4e0b\u8179\u90e8\u76ae\u80a4\u3002\u523a\u6fc0\u6216\u707c\u70e7\u611f\u4f1a\u52a0\u5267\u5c3f\u9891\u3002.<\/p><\/li><li><p data-path-to-node=\"14,3,0\"><b data-path-to-node=\"14,3,0\" data-index-in-node=\"0\">\u907f\u514d\u523a\u6fc0\uff1a<\/b> \u542b\u7cd6\u91cf\u6216\u5496\u5561\u56e0\u542b\u91cf\u9ad8\u7684\u8f6f\u996e\u6599\u4f1a\u523a\u6fc0\u8180\u80f1\u3002.<\/p><\/li><li>\u6709\u65f6\u53ef\u4ee5\u5c1d\u8bd5\u4f7f\u7528\u7f9f\u4e01\u5b81\u8fd9\u79cd\u836f\u7269\u3002<\/li><\/ul><hr data-path-to-node=\"15\" \/><h3 data-path-to-node=\"16\">3. \u6ce8\u610f\u4fbf\u79d8\uff01<\/h3><p data-path-to-node=\"17\">\u4fbf\u79d8\u662f\u5bfc\u81f4\u591c\u95f4\u548c\u767d\u5929\u5c3f\u5e8a\u7684\u5e38\u89c1\u539f\u56e0\u3002\u80a0\u9053\u5145\u76c8\u4f1a\u538b\u8feb\u8180\u80f1\uff0c\u5f71\u54cd\u5176\u6b63\u5e38\u529f\u80fd\u3002. <b data-path-to-node=\"17\" data-index-in-node=\"113\">\u786e\u4fdd\u5b69\u5b50\u7684\u80a0\u80c3\u529f\u80fd\u6b63\u5e38\uff0c\u6bcf\u5929\u90fd\u80fd\u6b63\u5e38\u8fd0\u4f5c\u3002.<\/b><\/p><hr data-path-to-node=\"18\" \/><h3 data-path-to-node=\"19\">\u4ec0\u4e48\u60c5\u51b5\u4e0b\u5e94\u8be5\u7acb\u5373\u5c31\u533b\uff1f<\/h3><p data-path-to-node=\"20\">\u5982\u679c\u704c\u6d17\u8fc7\u7a0b\u4e2d\u51fa\u73b0\u4ee5\u4e0b\u4efb\u4f55\u75c7\u72b6\uff0c\u8bf7\u53ca\u65f6\u5c31\u533b\uff1a<\/p><ol start=\"1\" data-path-to-node=\"21\"><li><p data-path-to-node=\"21,0,0\">\u7ecf\u8fc7\u6f2b\u957f\u7684\u65f1\u5b63\u540e\uff0c\u704c\u6e89\u518d\u6b21\u5f00\u59cb\uff0c\u5e76\u4f34\u968f\u7740 <b data-path-to-node=\"21,0,0\" data-index-in-node=\"71\">\u6781\u5ea6\u53e3\u6e34\u3001\u4f53\u91cd\u51cf\u8f7b\u6216\u4e25\u91cd\u75b2\u52b3<\/b>.<\/p><\/li><li><p data-path-to-node=\"21,1,0\">\u6392\u5c3f\u662f <b data-path-to-node=\"21,1,0\" data-index-in-node=\"16\">\u75db\u82e6<\/b> \u6216\u8005\u5c3f\u6db2\u6709\u5f02\u5e38\u7684\u6c14\u5473\/\u989c\u8272\u3002.<\/p><\/li><li><p data-path-to-node=\"21,2,0\">\u5b69\u5b50\u6301\u7eed\u51fa\u73b0\u5927\u4fbf\u5931\u7981\u6216\u4e25\u91cd\u4fbf\u79d8\u3002.<\/p><\/li><\/ol><p>\u5065\u5eb7\u56fe\u4e66\u9986\u6587\u7ae0<\/p><p><a href=\"https:\/\/www.terveyskirjasto.fi\/dlk00134\" target=\"_blank\" rel=\"noopener\">https:\/\/www.terveyskirjasto.fi\/dlk00134<\/a><\/p><p>\u00a0<\/p>\t\t\t\t\t\t\t\t<\/div>\n\t\t\t\t<\/div>\n\t\t\t\t\t<\/div>\n\t\t\t\t<\/div>\n\t\t\t\t<\/div>","protected":false},"excerpt":{"rendered":"<p>Kastelu lapsella \u2013 Ohjeita kotiin ja hoitoon Lapsen virtsarakon hallinta on monimutkainen taito, joka kypsyy yksil\u00f6llisesti yleens\u00e4 4\u20136 vuoden ik\u00e4\u00e4n menness\u00e4. Kastelu ainoana oireena on hyvin harvoin merkki sairaudesta, mutta se voi kuormittaa lapsen itsetuntoa ja perheen arkea. 1. Y\u00f6kastelu Y\u00f6kastelu johtuu usein sike\u00e4st\u00e4 unesta (lapsi ei her\u00e4\u00e4 t\u00e4yden rakon tunteeseen) tai y\u00f6llisen virtsanerityksen s\u00e4\u00e4telyn [&hellip;]<\/p>\n","protected":false},"author":1,"featured_media":0,"parent":0,"menu_order":0,"comment_status":"closed","ping_status":"closed","template":"","meta":{"_angie_page":false,"site-sidebar-layout":"no-sidebar","site-content-layout":"page-builder","ast-site-content-layout":"full-width-container","site-content-style":"default","site-sidebar-style":"default","ast-global-header-display":"","ast-banner-title-visibility":"","ast-main-header-display":"","ast-hfb-above-header-display":"","ast-hfb-below-header-display":"","ast-hfb-mobile-header-display":"","site-post-title":"","ast-breadcrumbs-content":"","ast-featured-img":"disabled","footer-sml-layout":"","ast-disable-related-posts":"","theme-transparent-header-meta":"","adv-header-id-meta":"","stick-header-meta":"","header-above-stick-meta":"","header-main-stick-meta":"","header-below-stick-meta":"","astra-migrate-meta-layouts":"set","ast-page-background-enabled":"default","ast-page-background-meta":{"desktop":{"background-color":"","background-image":"","background-repeat":"repeat","background-position":"center center","background-size":"auto","background-attachment":"scroll","background-type":"","background-media":"","overlay-type":"","overlay-color":"","overlay-opacity":"","overlay-gradient":""},"tablet":{"background-color":"","background-image":"","background-repeat":"repeat","background-position":"center center","background-size":"auto","background-attachment":"scroll","background-type":"","background-media":"","overlay-type":"","overlay-color":"","overlay-opacity":"","overlay-gradient":""},"mobile":{"background-color":"","background-image":"","background-repeat":"repeat","background-position":"center center","background-size":"auto","background-attachment":"scroll","background-type":"","background-media":"","overlay-type":"","overlay-color":"","overlay-opacity":"","overlay-gradient":""}},"ast-content-background-meta":{"desktop":{"background-color":"var(--ast-global-color-5)","background-image":"","background-repeat":"repeat","background-position":"center center","background-size":"auto","background-attachment":"scroll","background-type":"","background-media":"","overlay-type":"","overlay-color":"","overlay-opacity":"","overlay-gradient":""},"tablet":{"background-color":"var(--ast-global-color-5)","background-image":"","background-repeat":"repeat","background-position":"center center","background-size":"auto","background-attachment":"scroll","background-type":"","background-media":"","overlay-type":"","overlay-color":"","overlay-opacity":"","overlay-gradient":""},"mobile":{"background-color":"var(--ast-global-color-5)","background-image":"","background-repeat":"repeat","background-position":"center center","background-size":"auto","background-attachment":"scroll","background-type":"","background-media":"","overlay-type":"","overlay-color":"","overlay-opacity":"","overlay-gradient":""}},"footnotes":""},"class_list":["post-1380","page","type-page","status-publish","hentry"],"_links":{"self":[{"href":"https:\/\/lastenkirurgia.fi\/zh\/wp-json\/wp\/v2\/pages\/1380","targetHints":{"allow":["GET"]}}],"collection":[{"href":"https:\/\/lastenkirurgia.fi\/zh\/wp-json\/wp\/v2\/pages"}],"about":[{"href":"https:\/\/lastenkirurgia.fi\/zh\/wp-json\/wp\/v2\/types\/page"}],"author":[{"embeddable":true,"href":"https:\/\/lastenkirurgia.fi\/zh\/wp-json\/wp\/v2\/users\/1"}],"replies":[{"embeddable":true,"href":"https:\/\/lastenkirurgia.fi\/zh\/wp-json\/wp\/v2\/comments?post=1380"}],"version-history":[{"count":4,"href":"https:\/\/lastenkirurgia.fi\/zh\/wp-json\/wp\/v2\/pages\/1380\/revisions"}],"predecessor-version":[{"id":1658,"href":"https:\/\/lastenkirurgia.fi\/zh\/wp-json\/wp\/v2\/pages\/1380\/revisions\/1658"}],"wp:attachment":[{"href":"https:\/\/lastenkirurgia.fi\/zh\/wp-json\/wp\/v2\/media?parent=1380"}],"curies":[{"name":"wp","href":"https:\/\/api.w.org\/{rel}","templated":true}]}}