{"id":1382,"date":"2026-04-09T13:53:02","date_gmt":"2026-04-09T13:53:02","guid":{"rendered":"https:\/\/darkcyan-pheasant-754087.hostingersite.com\/?page_id=1382"},"modified":"2026-04-11T14:11:37","modified_gmt":"2026-04-11T14:11:37","slug":"lapsen-palovamma","status":"publish","type":"page","link":"https:\/\/lastenkirurgia.fi\/zh\/lapsen-palovamma\/","title":{"rendered":"\u513f\u7ae5\u70e7\u4f24"},"content":{"rendered":"<div data-elementor-type=\"wp-page\" data-elementor-id=\"1382\" class=\"elementor elementor-1382\" data-elementor-post-type=\"page\">\n\t\t\t\t<div class=\"elementor-element elementor-element-60ffc84 e-flex e-con-boxed e-con e-parent\" data-id=\"60ffc84\" data-element_type=\"container\" data-e-type=\"container\">\n\t\t\t\t\t<div class=\"e-con-inner\">\n\t\t\t\t<div class=\"elementor-element elementor-element-cc678c2 elementor-widget elementor-widget-text-editor\" data-id=\"cc678c2\" data-element_type=\"widget\" data-e-type=\"widget\" data-widget_type=\"text-editor.default\">\n\t\t\t\t<div class=\"elementor-widget-container\">\n\t\t\t\t\t\t\t\t\t<h2 data-path-to-node=\"2\">\u513f\u7ae5\u70e7\u4f24\uff1a\u6025\u6551\u548c\u6cbb\u7597\u6307\u5357<\/h2><p data-path-to-node=\"3\">\u513f\u7ae5\u76ae\u80a4\u5a07\u5ae9\uff0c\u70e7\u4f24\u7684\u4e25\u91cd\u7a0b\u5ea6\u53d6\u51b3\u4e8e\u70e7\u4f24\u7684\u6df1\u5ea6\u548c\u8303\u56f4\u3002\u53ca\u65f6\u8fdb\u884c\u6025\u6551\u53ef\u4ee5\u63a7\u5236\u4f24\u60c5\u6076\u5316\u3002.<\/p><h3 data-path-to-node=\"4\">1. \u7acb\u5373\u6025\u6551<\/h3><ul data-path-to-node=\"5\"><li><p data-path-to-node=\"5,0,0\"><b data-path-to-node=\"5,0,0\" data-index-in-node=\"0\">\u5173\u95ed\u5e76\u79fb\u9664\uff1a<\/b> \u6251\u706d\u706b\u7130\uff0c\u5e76\u8131\u6389\u4efb\u4f55\u4f1a\u79ef\u805a\u70ed\u91cf\u7684\u8863\u7269\uff08\u4f8b\u5982\u6d78\u6ce1\u5728\u70ed\u6db2\u4f53\u4e2d\u7684\u8863\u7269\uff09\u3002.<\/p><\/li><li><p data-path-to-node=\"5,1,0\"><b data-path-to-node=\"5,1,0\" data-index-in-node=\"0\">\u51b7\u5374\uff1a<\/b> \u51b2\u6d17\u53d7\u4f24\u90e8\u4f4d <b data-path-to-node=\"5,1,0\" data-index-in-node=\"33\">\u5927\u7ea6+20\u5ea6<\/b> \u7528\uff08\u6e29\uff09\u6d41\u6c34 <b data-path-to-node=\"5,1,0\" data-index-in-node=\"85\">\u6301\u7eed 10-15 \u5206\u949f<\/b>.<\/p><ul data-path-to-node=\"5,1,1\"><li><p data-path-to-node=\"5,1,1,0,0\"><i data-path-to-node=\"5,1,1,0,0\" data-index-in-node=\"0\">\u7b14\u8bb0\uff1a<\/i> \u4e0d\u8981\u4f7f\u7528\u51b0\u5757\u6216\u51b0\u6c34\u3002.<\/p><\/li><\/ul><\/li><li><p data-path-to-node=\"5,2,0\"><b data-path-to-node=\"5,2,0\" data-index-in-node=\"0\">\u9632\u6b62\u7740\u51c9\uff1a<\/b> \u5c24\u5176\u5bf9\u4e8e\u5c0f\u5b69\u5b50\u6765\u8bf4\uff0c\u5728\u964d\u6e29\u8fc7\u7a0b\u4e2d\u4fdd\u6301\u8eab\u4f53\u5176\u4ed6\u90e8\u4f4d\u6e29\u6696\u975e\u5e38\u91cd\u8981\uff0c\u8fd9\u6837\u5b69\u5b50\u7684\u4f53\u6e29\u624d\u4e0d\u4f1a\u4e0b\u964d\u592a\u591a\u3002.<\/p><\/li><\/ul><h3 data-path-to-node=\"6\">2. \u6211\u5e94\u8be5\u4ec0\u4e48\u65f6\u5019\u53bb\u770b\u533b\u751f\uff1f<\/h3><p data-path-to-node=\"7\">\u5982\u679c\u51fa\u73b0\u4ee5\u4e0b\u60c5\u51b5\uff0c\u8bf7\u8054\u7cfb\u533b\u751f\u6216\u6025\u8bca\u5ba4\uff1a<\/p><ul data-path-to-node=\"8\"><li><p data-path-to-node=\"8,0,0\">\u5b83\u4e0a\u5347\u5230\u76ae\u80a4\u8868\u9762 <b data-path-to-node=\"8,0,0\" data-index-in-node=\"13\">\u6c34\u6ce1<\/b> \u6216\u8005\u76ae\u80a4\u7834\u635f\u3002.<\/p><\/li><li><p data-path-to-node=\"8,1,0\">\u70e7\u4f24\u662f <b data-path-to-node=\"8,1,0\" data-index-in-node=\"13\">\u638c\u5fc3\u5927\u5c0f<\/b> \u6216\u66f4\u5927\u3002.<\/p><\/li><li><p data-path-to-node=\"8,2,0\">\u4f24\u5904\u4f4d\u4e8e\u5173\u952e\u90e8\u4f4d\uff0c\u4f8b\u5982 <b data-path-to-node=\"8,2,0\" data-index-in-node=\"38\">\u5728\u9762\u90e8\u3001\u624b\u90e8\u3001\u811a\u90e8\u6216\u5173\u8282\u5904<\/b>.<\/p><\/li><li><p data-path-to-node=\"8,3,0\">\u8fd9\u662f\u5173\u4e8e <b data-path-to-node=\"8,3,0\" data-index-in-node=\"12\">\u7535\u51fb\u6216\u5316\u5b66\u635f\u4f24<\/b>.<\/p><\/li><li><p data-path-to-node=\"8,4,0\">\u8fd9\u662f\u4e00\u4e2a\u5f88\u5c0f\u7684\u5b69\u5b50\u3002.<\/p><\/li><\/ul><h3 data-path-to-node=\"9\">3. \u5173\u4e8e\u6cbb\u7597\u9700\u8981\u4e86\u89e3\u7684\u91cd\u8981\u4e8b\u9879<\/h3><ul data-path-to-node=\"10\"><li><p data-path-to-node=\"10,0,0\"><b data-path-to-node=\"10,0,0\" data-index-in-node=\"0\">\u6df1\u5ea6\u8bc4\u4f30\uff1a<\/b> \u70e7\u4f24\u7684\u6700\u7ec8\u6df1\u5ea6\u548c\u4e25\u91cd\u7a0b\u5ea6\u901a\u5e38\u53ea\u6709\u5728\u4e4b\u540e\u624d\u80fd\u663e\u73b0\u51fa\u6765\u3002 <b data-path-to-node=\"10,0,0\" data-index-in-node=\"83\">2-3\u5929\u540e<\/b> \u56e0\u6b64\uff0c\u4f24\u60c5\u5fc5\u987b\u5728\u6700\u521d\u51e0\u5929\u5185\u5bc6\u5207\u89c2\u5bdf\u3002.<\/p><\/li><li><p data-path-to-node=\"10,1,0\"><b data-path-to-node=\"10,1,0\" data-index-in-node=\"0\">\u4fdd\u62a4\uff1a<\/b> \u8f7b\u5fae\u4f24\u53e3\u5728\u5bb6\u53ef\u4fdd\u6301\u6e05\u6d01\u3002\u5728\u8bca\u6240\uff0c\u4f24\u53e3\u901a\u5e38\u4f1a\u7528\u7279\u6b8a\u7684\u6cb9\u8102\u6216\u94f6\u6577\u6599\u4fdd\u62a4\uff0c\u4ee5\u9632\u6b62\u611f\u67d3\u3002.<\/p><\/li><li><p data-path-to-node=\"10,2,0\"><b data-path-to-node=\"10,2,0\" data-index-in-node=\"0\">\u75bc\u75db\u7ba1\u7406\uff1a<\/b> \u70e7\u4f24\u975e\u5e38\u75bc\u75db\u3002\u5efa\u8bae\u9075\u533b\u5631\u7ed9\u5b69\u5b50\u670d\u7528\u5c0f\u5242\u91cf\u6b62\u75db\u836f\uff08\u4f8b\u5982\u6251\u70ed\u606f\u75db\uff09\u3002.<\/p><\/li><li><p data-path-to-node=\"10,3,0\"><b data-path-to-node=\"10,3,0\" data-index-in-node=\"0\">\u6062\u590d\uff1a<\/b> \u6d45\u8868\u4f24\u53e3\u901a\u5e38\u4f1a\u57282-3\u5468\u5185\u6108\u5408\u3002\u5982\u679c\u4f24\u53e3\u5728\u8fd9\u6bb5\u65f6\u95f4\u5185\u6ca1\u6709\u6108\u5408\uff0c\u6700\u597d\u518d\u6b21\u8054\u7cfb\u60a8\u7684\u533b\u751f\u3002.<\/p><\/li><\/ul><hr data-path-to-node=\"11\" \/><p data-path-to-node=\"12\"><b data-path-to-node=\"12\" data-index-in-node=\"0\">\u8bb0\u4f4f\uff1a<\/b> \u5982\u679c\u60a8\u4e0d\u786e\u5b9a\u70e7\u4f24\u7684\u4e25\u91cd\u7a0b\u5ea6\uff0c\u8bf7\u52a1\u5fc5\u81f4\u7535\u4e13\u4e1a\u4eba\u58eb\uff08\u4f8b\u5982\u62e8\u6253\u6025\u6551\u7535\u8bdd 116 117\uff09\u6216\u5bfb\u6c42\u533b\u7597\u6551\u52a9\u3002\u5bf9\u4e8e\u5927\u9762\u79ef\u6216\u4e25\u91cd\u7684\u70e7\u4f24\uff0c\u8bf7\u62e8\u6253\u6025\u6551\u7535\u8bdd\u3002 <b data-path-to-node=\"12\" data-index-in-node=\"181\">112<\/b>.<\/p><p data-path-to-node=\"12\">\u00a0<\/p><p data-path-to-node=\"12\">\u5065\u5eb7\u56fe\u4e66\u9986\u6587\u7ae0<\/p><p data-path-to-node=\"12\"><a href=\"https:\/\/www.terveyskirjasto.fi\/spr00009\" target=\"_blank\" rel=\"noopener\">https:\/\/www.terveyskirjasto.fi\/spr00009<\/a><\/p><p data-path-to-node=\"12\">\u00a0<\/p><p data-path-to-node=\"12\">\u00a0<\/p>\t\t\t\t\t\t\t\t<\/div>\n\t\t\t\t<\/div>\n\t\t\t\t\t<\/div>\n\t\t\t\t<\/div>\n\t\t<div class=\"elementor-element elementor-element-9291034 e-flex e-con-boxed e-con e-parent\" data-id=\"9291034\" data-element_type=\"container\" data-e-type=\"container\">\n\t\t\t\t\t<div class=\"e-con-inner\">\n\t\t\t\t<div class=\"elementor-element elementor-element-c97802a elementor-widget elementor-widget-image\" data-id=\"c97802a\" data-element_type=\"widget\" data-e-type=\"widget\" data-widget_type=\"image.default\">\n\t\t\t\t<div class=\"elementor-widget-container\">\n\t\t\t\t\t\t\t\t\t\t\t\t\t\t\t<img fetchpriority=\"high\" decoding=\"async\" width=\"1024\" height=\"559\" src=\"https:\/\/lastenkirurgia.fi\/wp-content\/uploads\/2026\/04\/palovamma2.webp\" class=\"attachment-large size-large wp-image-1590\" alt=\"\" srcset=\"https:\/\/lastenkirurgia.fi\/wp-content\/uploads\/2026\/04\/palovamma2.webp 1024w, https:\/\/lastenkirurgia.fi\/wp-content\/uploads\/2026\/04\/palovamma2-300x164.webp 300w, https:\/\/lastenkirurgia.fi\/wp-content\/uploads\/2026\/04\/palovamma2-768x419.webp 768w\" sizes=\"(max-width: 1024px) 100vw, 1024px\" \/>\t\t\t\t\t\t\t\t\t\t\t\t\t\t\t<\/div>\n\t\t\t\t<\/div>\n\t\t\t\t\t<\/div>\n\t\t\t\t<\/div>\n\t\t\t\t<\/div>","protected":false},"excerpt":{"rendered":"<p>Lapsen palovammat: Ensiapu ja hoito-ohje Lasten iho on herkk\u00e4, ja palovamman vakavuus riippuu sen syvyydest\u00e4 ja laajuudesta. Nopealla ensiavulla voit rajoittaa vamman etenemist\u00e4. 1. V\u00e4lit\u00f6n ensiapu Sammuta ja poista: Sammuta liekit ja poista kuumuutta varaavat vaatteet (esim. kuuman nesteen kastelemat vaatteet). Viilenn\u00e4: Huuhtele vamma-aluetta noin +20-asteisella (haalealla) juoksevalla vedell\u00e4 10\u201315 minuutin ajan. Huom: \u00c4l\u00e4 k\u00e4yt\u00e4 [&hellip;]<\/p>\n","protected":false},"author":1,"featured_media":0,"parent":0,"menu_order":0,"comment_status":"closed","ping_status":"closed","template":"","meta":{"_angie_page":false,"site-sidebar-layout":"no-sidebar","site-content-layout":"page-builder","ast-site-content-layout":"full-width-container","site-content-style":"default","site-sidebar-style":"default","ast-global-header-display":"","ast-banner-title-visibility":"","ast-main-header-display":"","ast-hfb-above-header-display":"","ast-hfb-below-header-display":"","ast-hfb-mobile-header-display":"","site-post-title":"","ast-breadcrumbs-content":"","ast-featured-img":"disabled","footer-sml-layout":"","ast-disable-related-posts":"","theme-transparent-header-meta":"","adv-header-id-meta":"","stick-header-meta":"","header-above-stick-meta":"","header-main-stick-meta":"","header-below-stick-meta":"","astra-migrate-meta-layouts":"set","ast-page-background-enabled":"default","ast-page-background-meta":{"desktop":{"background-color":"","background-image":"","background-repeat":"repeat","background-position":"center center","background-size":"auto","background-attachment":"scroll","background-type":"","background-media":"","overlay-type":"","overlay-color":"","overlay-opacity":"","overlay-gradient":""},"tablet":{"background-color":"","background-image":"","background-repeat":"repeat","background-position":"center center","background-size":"auto","background-attachment":"scroll","background-type":"","background-media":"","overlay-type":"","overlay-color":"","overlay-opacity":"","overlay-gradient":""},"mobile":{"background-color":"","background-image":"","background-repeat":"repeat","background-position":"center center","background-size":"auto","background-attachment":"scroll","background-type":"","background-media":"","overlay-type":"","overlay-color":"","overlay-opacity":"","overlay-gradient":""}},"ast-content-background-meta":{"desktop":{"background-color":"var(--ast-global-color-5)","background-image":"","background-repeat":"repeat","background-position":"center center","background-size":"auto","background-attachment":"scroll","background-type":"","background-media":"","overlay-type":"","overlay-color":"","overlay-opacity":"","overlay-gradient":""},"tablet":{"background-color":"var(--ast-global-color-5)","background-image":"","background-repeat":"repeat","background-position":"center center","background-size":"auto","background-attachment":"scroll","background-type":"","background-media":"","overlay-type":"","overlay-color":"","overlay-opacity":"","overlay-gradient":""},"mobile":{"background-color":"var(--ast-global-color-5)","background-image":"","background-repeat":"repeat","background-position":"center center","background-size":"auto","background-attachment":"scroll","background-type":"","background-media":"","overlay-type":"","overlay-color":"","overlay-opacity":"","overlay-gradient":""}},"footnotes":""},"class_list":["post-1382","page","type-page","status-publish","hentry"],"_links":{"self":[{"href":"https:\/\/lastenkirurgia.fi\/zh\/wp-json\/wp\/v2\/pages\/1382","targetHints":{"allow":["GET"]}}],"collection":[{"href":"https:\/\/lastenkirurgia.fi\/zh\/wp-json\/wp\/v2\/pages"}],"about":[{"href":"https:\/\/lastenkirurgia.fi\/zh\/wp-json\/wp\/v2\/types\/page"}],"author":[{"embeddable":true,"href":"https:\/\/lastenkirurgia.fi\/zh\/wp-json\/wp\/v2\/users\/1"}],"replies":[{"embeddable":true,"href":"https:\/\/lastenkirurgia.fi\/zh\/wp-json\/wp\/v2\/comments?post=1382"}],"version-history":[{"count":8,"href":"https:\/\/lastenkirurgia.fi\/zh\/wp-json\/wp\/v2\/pages\/1382\/revisions"}],"predecessor-version":[{"id":1594,"href":"https:\/\/lastenkirurgia.fi\/zh\/wp-json\/wp\/v2\/pages\/1382\/revisions\/1594"}],"wp:attachment":[{"href":"https:\/\/lastenkirurgia.fi\/zh\/wp-json\/wp\/v2\/media?parent=1382"}],"curies":[{"name":"wp","href":"https:\/\/api.w.org\/{rel}","templated":true}]}}