{"id":1396,"date":"2026-04-09T13:55:42","date_gmt":"2026-04-09T13:55:42","guid":{"rendered":"https:\/\/darkcyan-pheasant-754087.hostingersite.com\/?page_id=1396"},"modified":"2026-04-12T15:31:35","modified_gmt":"2026-04-12T15:31:35","slug":"lapsen-vesikives","status":"publish","type":"page","link":"https:\/\/lastenkirurgia.fi\/zh\/lapsen-vesikives\/","title":{"rendered":"\u513f\u7ae5\u9798\u819c\u79ef\u6db2"},"content":{"rendered":"<div data-elementor-type=\"wp-page\" data-elementor-id=\"1396\" class=\"elementor elementor-1396\" data-elementor-post-type=\"page\">\n\t\t\t\t<div class=\"elementor-element elementor-element-5fea5ce e-flex e-con-boxed e-con e-parent\" data-id=\"5fea5ce\" data-element_type=\"container\" data-e-type=\"container\">\n\t\t\t\t\t<div class=\"e-con-inner\">\n\t\t\t\t<div class=\"elementor-element elementor-element-b1eeae1 elementor-widget elementor-widget-text-editor\" data-id=\"b1eeae1\" data-element_type=\"widget\" data-e-type=\"widget\" data-widget_type=\"text-editor.default\">\n\t\t\t\t<div class=\"elementor-widget-container\">\n\t\t\t\t\t\t\t\t\t<h2 id=\"s2\">\u9634\u56ca\u79ef\u6db2<\/h2><p>\u65b0\u751f\u7537\u5a74\u4e2d\u8f83\u4e3a\u5e38\u89c1\u7684\u95ee\u9898\u662f\u9634\u56ca\u79ef\u6c34\uff08\u7ea6\u53607%\uff09\u3002\u9634\u56ca\u79ef\u6c34\u8868\u73b0\u4e3a\u9634\u56ca\u5185\u65e0\u75db\u3001\u67d4\u8f6f\u7684\u80bf\u80c0\u3002\u901a\u5e38\u7531\u5987\u4ea7\u533b\u9662\u7684\u533b\u751f\u8fdb\u884c\u8bca\u65ad\u3002\u9634\u56ca\u79ef\u6c34\u901a\u5e38\u4f1a\u5728\u51e0\u5e74\u5185\u81ea\u884c\u6d88\u9000\u3002\u5728\u82ac\u5170\uff0c\u9634\u56ca\u79ef\u6c34\u4f1a\u6301\u7eed\u76d1\u6d4b\u81f34\u5c81\u3002\u5982\u679c\u5c4a\u65f6\u9634\u56ca\u4ecd\u6709\u53ef\u89c1\u80bf\u80c0\uff0c\u5219\u5efa\u8bae\u8fdb\u884c\u5c0f\u578b\u65e5\u95f4\u624b\u672f\u6765\u7ea0\u6b63\u8fd9\u79cd\u60c5\u51b5\u3002.<\/p>\t\t\t\t\t\t\t\t<\/div>\n\t\t\t\t<\/div>\n\t\t\t\t\t<\/div>\n\t\t\t\t<\/div>\n\t\t\t\t<\/div>","protected":false},"excerpt":{"rendered":"<p>Vesikives Melko tavallinen vastasyntyneen pojan vaiva on vesikives (n.7prosentilla pojista). Vesikives todetaan kivuttomana ja pehme\u00e4n\u00e4\u00a0 turvotuksena kivespussissa. Diagnoosin tekee yleens\u00e4 neuvolal\u00e4\u00e4k\u00e4ri Vesikives korjaantuu yleens\u00e4 itsest\u00e4\u00e4n muutamassa vuodessa. Suomessa vesikivest\u00e4 seurataan 4 ik\u00e4vuoteen saakka. Jos tuolloin on viel\u00e4 silminn\u00e4ht\u00e4v\u00e4 turvotus kivespussissa, suositetaan pient\u00e4 p\u00e4iv\u00e4kirurgista toimenpidett\u00e4 tilanteen korjaamiseksi.<\/p>","protected":false},"author":1,"featured_media":0,"parent":0,"menu_order":0,"comment_status":"closed","ping_status":"closed","template":"","meta":{"_angie_page":false,"site-sidebar-layout":"no-sidebar","site-content-layout":"page-builder","ast-site-content-layout":"full-width-container","site-content-style":"default","site-sidebar-style":"default","ast-global-header-display":"","ast-banner-title-visibility":"","ast-main-header-display":"","ast-hfb-above-header-display":"","ast-hfb-below-header-display":"","ast-hfb-mobile-header-display":"","site-post-title":"","ast-breadcrumbs-content":"","ast-featured-img":"disabled","footer-sml-layout":"","ast-disable-related-posts":"","theme-transparent-header-meta":"","adv-header-id-meta":"","stick-header-meta":"","header-above-stick-meta":"","header-main-stick-meta":"","header-below-stick-meta":"","astra-migrate-meta-layouts":"set","ast-page-background-enabled":"default","ast-page-background-meta":{"desktop":{"background-color":"","background-image":"","background-repeat":"repeat","background-position":"center center","background-size":"auto","background-attachment":"scroll","background-type":"","background-media":"","overlay-type":"","overlay-color":"","overlay-opacity":"","overlay-gradient":""},"tablet":{"background-color":"","background-image":"","background-repeat":"repeat","background-position":"center center","background-size":"auto","background-attachment":"scroll","background-type":"","background-media":"","overlay-type":"","overlay-color":"","overlay-opacity":"","overlay-gradient":""},"mobile":{"background-color":"","background-image":"","background-repeat":"repeat","background-position":"center center","background-size":"auto","background-attachment":"scroll","background-type":"","background-media":"","overlay-type":"","overlay-color":"","overlay-opacity":"","overlay-gradient":""}},"ast-content-background-meta":{"desktop":{"background-color":"var(--ast-global-color-5)","background-image":"","background-repeat":"repeat","background-position":"center center","background-size":"auto","background-attachment":"scroll","background-type":"","background-media":"","overlay-type":"","overlay-color":"","overlay-opacity":"","overlay-gradient":""},"tablet":{"background-color":"var(--ast-global-color-5)","background-image":"","background-repeat":"repeat","background-position":"center center","background-size":"auto","background-attachment":"scroll","background-type":"","background-media":"","overlay-type":"","overlay-color":"","overlay-opacity":"","overlay-gradient":""},"mobile":{"background-color":"var(--ast-global-color-5)","background-image":"","background-repeat":"repeat","background-position":"center center","background-size":"auto","background-attachment":"scroll","background-type":"","background-media":"","overlay-type":"","overlay-color":"","overlay-opacity":"","overlay-gradient":""}},"footnotes":""},"class_list":["post-1396","page","type-page","status-publish","hentry"],"_links":{"self":[{"href":"https:\/\/lastenkirurgia.fi\/zh\/wp-json\/wp\/v2\/pages\/1396","targetHints":{"allow":["GET"]}}],"collection":[{"href":"https:\/\/lastenkirurgia.fi\/zh\/wp-json\/wp\/v2\/pages"}],"about":[{"href":"https:\/\/lastenkirurgia.fi\/zh\/wp-json\/wp\/v2\/types\/page"}],"author":[{"embeddable":true,"href":"https:\/\/lastenkirurgia.fi\/zh\/wp-json\/wp\/v2\/users\/1"}],"replies":[{"embeddable":true,"href":"https:\/\/lastenkirurgia.fi\/zh\/wp-json\/wp\/v2\/comments?post=1396"}],"version-history":[{"count":4,"href":"https:\/\/lastenkirurgia.fi\/zh\/wp-json\/wp\/v2\/pages\/1396\/revisions"}],"predecessor-version":[{"id":1643,"href":"https:\/\/lastenkirurgia.fi\/zh\/wp-json\/wp\/v2\/pages\/1396\/revisions\/1643"}],"wp:attachment":[{"href":"https:\/\/lastenkirurgia.fi\/zh\/wp-json\/wp\/v2\/media?parent=1396"}],"curies":[{"name":"wp","href":"https:\/\/api.w.org\/{rel}","templated":true}]}}