{"id":1398,"date":"2026-04-09T13:56:00","date_gmt":"2026-04-09T13:56:00","guid":{"rendered":"https:\/\/darkcyan-pheasant-754087.hostingersite.com\/?page_id=1398"},"modified":"2026-04-16T14:40:16","modified_gmt":"2026-04-16T14:40:16","slug":"lapsen-hemangiooma","status":"publish","type":"page","link":"https:\/\/lastenkirurgia.fi\/zh\/lapsen-hemangiooma\/","title":{"rendered":"\u5a74\u513f\u8840\u7ba1\u7624"},"content":{"rendered":"<div data-elementor-type=\"wp-page\" data-elementor-id=\"1398\" class=\"elementor elementor-1398\" data-elementor-post-type=\"page\">\n\t\t\t\t<div class=\"elementor-element elementor-element-59d99d3 e-flex e-con-boxed e-con e-parent\" data-id=\"59d99d3\" data-element_type=\"container\" data-e-type=\"container\">\n\t\t\t\t\t<div class=\"e-con-inner\">\n\t\t\t\t<div class=\"elementor-element elementor-element-b0ea5c0 elementor-widget elementor-widget-text-editor\" data-id=\"b0ea5c0\" data-element_type=\"widget\" data-e-type=\"widget\" data-widget_type=\"text-editor.default\">\n\t\t\t\t<div class=\"elementor-widget-container\">\n\t\t\t\t\t\t\t\t\t<h2 data-path-to-node=\"2\">\u5a74\u5e7c\u513f\u8840\u7ba1\u7624\uff08\u8349\u8393\u75e3\uff09\u2014\u2014\u5bb6\u957f\u6307\u5357<\/h2><p data-path-to-node=\"3\">\u8840\u7ba1\u7624\u662f\u5a74\u5e7c\u513f\u6700\u5e38\u89c1\u7684\u826f\u6027\u8840\u7ba1\u80bf\u7624\u3002\u7531\u4e8e\u5176\u9c9c\u7ea2\u8272\uff0c\u5e38\u88ab\u79f0\u4e3a\u201d\u8349\u8393\u75e3\u201d\u3002\u5927\u7ea65%\uff5e10%\u7684%\u60a3\u513f\u4f1a\u60a3\u4e0a\u8840\u7ba1\u7624\u3002.<\/p><h3 data-path-to-node=\"4\">1. \u8840\u7ba1\u7624\u7684\u53d1\u5c55\u9636\u6bb5<\/h3><p data-path-to-node=\"5\">\u8840\u7ba1\u7624\u5177\u6709\u6e05\u6670\u7684\u751f\u547d\u5468\u671f\uff1a<\/p><ul data-path-to-node=\"6\"><li><p data-path-to-node=\"6,0,0\"><b data-path-to-node=\"6,0,0\" data-index-in-node=\"0\">\u5916\u8c8c\uff1a<\/b> \u5b83\u901a\u5e38\u5728\u51fa\u751f\u51e0\u5468\u540e\u51fa\u73b0\uff08\u6709\u65f6\u51fa\u751f\u65f6\u5c31\u5df2\u7ecf\u53ef\u89c1\uff09\u3002.<\/p><\/li><li><p data-path-to-node=\"6,1,0\"><b data-path-to-node=\"6,1,0\" data-index-in-node=\"0\">\u751f\u957f\u671f\uff08\u589e\u6b96\u671f\uff09\uff1a<\/b> \u5728\u51fa\u751f\u540e\u7684\u7b2c\u4e00\u5e74\uff0c\u8840\u7ba1\u7624\u5f80\u5f80\u751f\u957f\u8fc5\u901f\u3002.<\/p><\/li><li><p data-path-to-node=\"6,2,0\"><b data-path-to-node=\"6,2,0\" data-index-in-node=\"0\">\u6536\u7f29\u671f\uff08\u5185\u5377\uff09\uff1a<\/b> \u751f\u957f\u9636\u6bb5\u7ed3\u675f\u540e\uff0c\u8840\u7ba1\u7624\u4f1a\u9010\u6e10\u7f29\u5c0f\u5e76\u53d8\u6de1\u3002\u8fd9\u4e2a\u9636\u6bb5\u53ef\u6301\u7eed\u6570\u5e74\uff0c\u6709\u65f6\u751a\u81f3\u957f\u8fbe12\u5e74\u3002.<\/p><\/li><\/ul><h3 data-path-to-node=\"7\">2. \u8840\u7ba1\u7624\u4f55\u65f6\u9700\u8981\u6cbb\u7597\uff1f<\/h3><p data-path-to-node=\"8\">\u8d85\u8fc790%\u7684%\u8840\u7ba1\u7624\u662f\u65e0\u5bb3\u7684\uff0c\u65e0\u9700\u4efb\u4f55\u6cbb\u7597\u2014\u2014\u5b83\u4eec\u4f1a\u968f\u7740\u65f6\u95f4\u63a8\u79fb\u81ea\u884c\u6d88\u5931\u3002\u4f46\u662f\uff0c\u5982\u679c\u8840\u7ba1\u7624\u4f4d\u4e8e\u53ef\u80fd\u5f71\u54cd\u513f\u7ae5\u6b63\u5e38\u53d1\u80b2\u7684\u533a\u57df\uff0c\u5219\u9700\u8981\u533b\u751f\u8fdb\u884c\u8bc4\u4f30\u548c\u6cbb\u7597\uff1a<\/p><ul data-path-to-node=\"9\"><li><p data-path-to-node=\"9,0,0\"><b data-path-to-node=\"9,0,0\" data-index-in-node=\"0\">\u773c\u90e8\u533a\u57df\uff1a<\/b> \u8840\u7ba1\u7624\u4f1a\u538b\u8feb\u773c\u775b\u6216\u906e\u6321\u89c6\u8f74\uff0c\u4ece\u800c\u5f71\u54cd\u89c6\u529b\u53d1\u80b2\u3002.<\/p><\/li><li><p data-path-to-node=\"9,1,0\"><b data-path-to-node=\"9,1,0\" data-index-in-node=\"0\">\u547c\u5438\u9053\uff1a<\/b> \u5589\u90e8\u6216\u201d\u80e1\u987b\u533a\u201d\u7684\u8840\u7ba1\u7624\u53ef\u5f15\u8d77\u547c\u5438\u56f0\u96be\u3002.<\/p><\/li><li><p data-path-to-node=\"9,2,0\"><b data-path-to-node=\"9,2,0\" data-index-in-node=\"0\">\u53d7\u4f24\uff1a<\/b> \u5982\u679c\u8840\u7ba1\u7624\u8868\u9762\u7834\u88c2\uff0c\u53ef\u80fd\u4f1a\u5f15\u8d77\u75bc\u75db\u5e76\u5bb9\u6613\u611f\u67d3\u3002.<\/p><\/li><li><p data-path-to-node=\"9,3,0\"><b data-path-to-node=\"9,3,0\" data-index-in-node=\"0\">\u4e3b\u8981\u5916\u89c2\u7f3a\u9677\uff1a<\/b> \u9762\u90e8\u533a\u57df\u7684\u53d8\u5316\u5c24\u4e3a\u663e\u8457\u3002.<\/p><\/li><\/ul><h3 data-path-to-node=\"10\">3. \u6cbb\u7597\u65b9\u6848<\/h3><p data-path-to-node=\"11\">\u5982\u679c\u8ba4\u4e3a\u6709\u5fc5\u8981\u8fdb\u884c\u6cbb\u7597\uff0c\u5219\u6709\u4ee5\u4e0b\u51e0\u79cd\u9009\u62e9\uff1a<\/p><ul data-path-to-node=\"12\"><li><p data-path-to-node=\"12,0,0\"><b data-path-to-node=\"12,0,0\" data-index-in-node=\"0\">\u03b2\u53d7\u4f53\u963b\u6ede\u5242\uff08\u666e\u8418\u6d1b\u5c14\uff09\uff1a<\/b> \u76ee\u524d\u4e3b\u8981\u7684\u6cbb\u7597\u65b9\u6cd5\u662f\u53e3\u670d\u836f\u7269\uff0c\u5b83\u53ef\u4ee5\u963b\u6b62\u8840\u7ba1\u7624\u751f\u957f\u5e76\u4f7f\u5176\u8fc5\u901f\u7f29\u5c0f\u3002\u6cbb\u7597\u901a\u5e38\u9700\u8981\u5728\u533b\u9662\u8fdb\u884c\u76d1\u6d4b\u3002.<\/p><\/li><li><p data-path-to-node=\"12,1,0\"><b data-path-to-node=\"12,1,0\" data-index-in-node=\"0\">\u6fc0\u5149\u6cbb\u7597\uff1a<\/b> \u5c24\u5176\u7528\u4e8e\u6cbb\u7597\u6e83\u75a1\u6027\u8840\u7ba1\u7624\uff0c\u4ee5\u52a0\u901f\u6108\u5408\u6216\u51cf\u8f7b\u6b8b\u4f59\u8840\u7ba1\u3002.<\/p><\/li><li><p data-path-to-node=\"12,2,0\"><b data-path-to-node=\"12,2,0\" data-index-in-node=\"0\">\u624b\u672f\u6cbb\u7597\uff1a<\/b> \u901a\u5e38\u53ea\u6709\u5f53\u8840\u7ba1\u7624\u9020\u6210\u4e25\u91cd\u7684\u5bb9\u8c8c\u635f\u5bb3\uff0c\u6216\u8005\u836f\u7269\u6cbb\u7597\u5bf9\u4f4d\u4e8e\u5371\u9669\u4f4d\u7f6e\u7684\u80bf\u7624\u65e0\u6548\u65f6\uff0c\u624d\u4f1a\u8003\u8651\u624b\u672f\u6cbb\u7597\u3002.<\/p><\/li><li><p data-path-to-node=\"12,3,0\"><b data-path-to-node=\"12,3,0\" data-index-in-node=\"0\">\u76ae\u8d28\u7c7b\u56fa\u9187\uff1a<\/b> \u5982\u4eca\uff0c\u5b83\u4ec5\u5728\u7279\u6b8a\u60c5\u51b5\u4e0b\u6781\u5c11\u4f7f\u7528\u3002.<\/p><\/li><\/ul><h3 data-path-to-node=\"13\">4. \u5bb6\u5ead\u76d1\u6d4b<\/h3><ul data-path-to-node=\"14\"><li><p data-path-to-node=\"14,0,0\"><b data-path-to-node=\"14,0,0\" data-index-in-node=\"0\">\u6444\u5f71\uff1a<\/b> \u76d1\u6d4b\u8840\u7ba1\u7624\u53d1\u5c55\u60c5\u51b5\u7684\u6700\u4f73\u65b9\u6cd5\u662f\u5b9a\u671f\u4ece\u540c\u4e00\u8ddd\u79bb\u62cd\u6444\u7167\u7247\uff08\u4f8b\u5982\u6bcf\u6708\u4e00\u6b21\uff09\u3002\u8fd9\u6837\u53ef\u4ee5\u5f88\u5bb9\u6613\u5730\u89c2\u5bdf\u5230\u8840\u7ba1\u7624\u5927\u5c0f\u548c\u989c\u8272\u7684\u53d8\u5316\u3002.<\/p><\/li><li><p data-path-to-node=\"14,1,0\"><b data-path-to-node=\"14,1,0\" data-index-in-node=\"0\">\u4fdd\u62a4\uff1a<\/b> \u907f\u514d\u63c9\u6413\u8840\u7ba1\u7624\u3002\u5982\u679c\u8868\u9762\u7834\u635f\uff0c\u8bf7\u7528\u55b7\u96fe\u5242\u6e05\u6d01\uff0c\u5fc5\u8981\u65f6\u9075\u533b\u5631\u6d82\u62b9\u836f\u818f\u6216\u7528\u4f24\u53e3\u6577\u6599\u4fdd\u62a4\u3002.<\/p><\/li><\/ul><h3 data-path-to-node=\"15\">\u4ec0\u4e48\u60c5\u51b5\u4e0b\u5e94\u8be5\u53bb\u770b\u533b\u751f\uff1f<\/h3><p data-path-to-node=\"16\">\u5982\u679c\u51fa\u73b0\u4ee5\u4e0b\u60c5\u51b5\uff0c\u8bf7\u8054\u7cfb\u533b\u751f\uff1a<\/p><ol start=\"1\" data-path-to-node=\"17\"><li><p data-path-to-node=\"17,0,0\">\u8840\u7ba1\u7624\u751f\u957f\u901f\u5ea6\u975e\u5e38\u5feb\u3002.<\/p><\/li><li><p data-path-to-node=\"17,1,0\">\u5b83\u4f4d\u4e8e\u773c\u775b\u3001\u9f3b\u5b50\u3001\u5634\u5df4\u6216\u751f\u6b96\u5668\u9644\u8fd1\u3002.<\/p><\/li><li><p data-path-to-node=\"17,2,0\">\u8840\u7ba1\u7624\u8868\u9762\u51fa\u73b0\u6e83\u75a1\u6216\u5f00\u59cb\u51fa\u8840\u3002.<\/p><\/li><li><p data-path-to-node=\"17,3,0\">\u8be5\u513f\u7ae5\u8eab\u4f53\u4e0d\u540c\u90e8\u4f4d\u6709\u591a\u5904\uff08\u4e94\u4e2a\u6216\u66f4\u591a\uff09\u8840\u7ba1\u7624\uff08\u5728\u8fd9\u79cd\u60c5\u51b5\u4e0b\uff0c\u9700\u8981\u68c0\u67e5\u809d\u810f\u7b49\u5185\u90e8\u5668\u5b98\uff09\u3002.<\/p><\/li><\/ol><p>Duodecim \u6587\u7ae0<\/p><p><a href=\"https:\/\/www.duodecimlehti.fi\/duo10471\" target=\"_blank\" rel=\"noopener\">https:\/\/www.duodecimlehti.fi\/duo10471<\/a><\/p>\t\t\t\t\t\t\t\t<\/div>\n\t\t\t\t<\/div>\n\t\t\t\t<div class=\"elementor-element elementor-element-3710e85 elementor-widget elementor-widget-image\" data-id=\"3710e85\" data-element_type=\"widget\" data-e-type=\"widget\" data-widget_type=\"image.default\">\n\t\t\t\t<div class=\"elementor-widget-container\">\n\t\t\t\t\t\t\t\t\t\t\t\t\t\t\t<img fetchpriority=\"high\" decoding=\"async\" width=\"1024\" height=\"640\" src=\"https:\/\/lastenkirurgia.fi\/wp-content\/uploads\/2026\/04\/hemangiomachild-1024x640.webp\" class=\"attachment-large size-large wp-image-1714\" alt=\"\" srcset=\"https:\/\/lastenkirurgia.fi\/wp-content\/uploads\/2026\/04\/hemangiomachild-1024x640.webp 1024w, https:\/\/lastenkirurgia.fi\/wp-content\/uploads\/2026\/04\/hemangiomachild-300x188.webp 300w, https:\/\/lastenkirurgia.fi\/wp-content\/uploads\/2026\/04\/hemangiomachild-768x480.webp 768w, https:\/\/lastenkirurgia.fi\/wp-content\/uploads\/2026\/04\/hemangiomachild-18x12.webp 18w, https:\/\/lastenkirurgia.fi\/wp-content\/uploads\/2026\/04\/hemangiomachild.webp 1152w\" sizes=\"(max-width: 1024px) 100vw, 1024px\" \/>\t\t\t\t\t\t\t\t\t\t\t\t\t\t\t<\/div>\n\t\t\t\t<\/div>\n\t\t\t\t\t<\/div>\n\t\t\t\t<\/div>\n\t\t\t\t<\/div>","protected":false},"excerpt":{"rendered":"<p>Lapsen hemangiooma (mansikkaluomi) \u2013 Ohje vanhemmille Hemangiooma on imev\u00e4isi\u00e4n yleisin hyv\u00e4nlaatuinen verisuonikasvain. Se tunnetaan usein nimell\u00e4 \u201dmansikkaluomi\u201d sen kirkkaanpunaisen v\u00e4rin vuoksi. Hemangioomia esiintyy noin 5\u201310 %:lla lapsista. 1. Hemangiooman kehitysvaiheet Hemangioomalle on tyypillist\u00e4 selke\u00e4 elinkaari: Ilmaantuminen: Se ilmestyy yleens\u00e4 muutaman viikon i\u00e4ss\u00e4 (joskus se on n\u00e4kyviss\u00e4 jo syntyess\u00e4). Kasvuvaihe (proliferaatio): Ensimm\u00e4isen elinvuoden aikana hemangiooma kasvaa [&hellip;]<\/p>\n","protected":false},"author":1,"featured_media":0,"parent":0,"menu_order":0,"comment_status":"closed","ping_status":"closed","template":"","meta":{"_angie_page":false,"site-sidebar-layout":"no-sidebar","site-content-layout":"page-builder","ast-site-content-layout":"full-width-container","site-content-style":"default","site-sidebar-style":"default","ast-global-header-display":"","ast-banner-title-visibility":"","ast-main-header-display":"","ast-hfb-above-header-display":"","ast-hfb-below-header-display":"","ast-hfb-mobile-header-display":"","site-post-title":"","ast-breadcrumbs-content":"","ast-featured-img":"disabled","footer-sml-layout":"","ast-disable-related-posts":"","theme-transparent-header-meta":"","adv-header-id-meta":"","stick-header-meta":"","header-above-stick-meta":"","header-main-stick-meta":"","header-below-stick-meta":"","astra-migrate-meta-layouts":"set","ast-page-background-enabled":"default","ast-page-background-meta":{"desktop":{"background-color":"","background-image":"","background-repeat":"repeat","background-position":"center center","background-size":"auto","background-attachment":"scroll","background-type":"","background-media":"","overlay-type":"","overlay-color":"","overlay-opacity":"","overlay-gradient":""},"tablet":{"background-color":"","background-image":"","background-repeat":"repeat","background-position":"center center","background-size":"auto","background-attachment":"scroll","background-type":"","background-media":"","overlay-type":"","overlay-color":"","overlay-opacity":"","overlay-gradient":""},"mobile":{"background-color":"","background-image":"","background-repeat":"repeat","background-position":"center center","background-size":"auto","background-attachment":"scroll","background-type":"","background-media":"","overlay-type":"","overlay-color":"","overlay-opacity":"","overlay-gradient":""}},"ast-content-background-meta":{"desktop":{"background-color":"var(--ast-global-color-5)","background-image":"","background-repeat":"repeat","background-position":"center center","background-size":"auto","background-attachment":"scroll","background-type":"","background-media":"","overlay-type":"","overlay-color":"","overlay-opacity":"","overlay-gradient":""},"tablet":{"background-color":"var(--ast-global-color-5)","background-image":"","background-repeat":"repeat","background-position":"center center","background-size":"auto","background-attachment":"scroll","background-type":"","background-media":"","overlay-type":"","overlay-color":"","overlay-opacity":"","overlay-gradient":""},"mobile":{"background-color":"var(--ast-global-color-5)","background-image":"","background-repeat":"repeat","background-position":"center center","background-size":"auto","background-attachment":"scroll","background-type":"","background-media":"","overlay-type":"","overlay-color":"","overlay-opacity":"","overlay-gradient":""}},"footnotes":""},"class_list":["post-1398","page","type-page","status-publish","hentry"],"_links":{"self":[{"href":"https:\/\/lastenkirurgia.fi\/zh\/wp-json\/wp\/v2\/pages\/1398","targetHints":{"allow":["GET"]}}],"collection":[{"href":"https:\/\/lastenkirurgia.fi\/zh\/wp-json\/wp\/v2\/pages"}],"about":[{"href":"https:\/\/lastenkirurgia.fi\/zh\/wp-json\/wp\/v2\/types\/page"}],"author":[{"embeddable":true,"href":"https:\/\/lastenkirurgia.fi\/zh\/wp-json\/wp\/v2\/users\/1"}],"replies":[{"embeddable":true,"href":"https:\/\/lastenkirurgia.fi\/zh\/wp-json\/wp\/v2\/comments?post=1398"}],"version-history":[{"count":7,"href":"https:\/\/lastenkirurgia.fi\/zh\/wp-json\/wp\/v2\/pages\/1398\/revisions"}],"predecessor-version":[{"id":1717,"href":"https:\/\/lastenkirurgia.fi\/zh\/wp-json\/wp\/v2\/pages\/1398\/revisions\/1717"}],"wp:attachment":[{"href":"https:\/\/lastenkirurgia.fi\/zh\/wp-json\/wp\/v2\/media?parent=1398"}],"curies":[{"name":"wp","href":"https:\/\/api.w.org\/{rel}","templated":true}]}}