{"id":1400,"date":"2026-04-09T13:56:22","date_gmt":"2026-04-09T13:56:22","guid":{"rendered":"https:\/\/darkcyan-pheasant-754087.hostingersite.com\/?page_id=1400"},"modified":"2026-04-12T15:24:20","modified_gmt":"2026-04-12T15:24:20","slug":"lapsen-skolioosi","status":"publish","type":"page","link":"https:\/\/lastenkirurgia.fi\/zh\/lapsen-skolioosi\/","title":{"rendered":"\u513f\u7ae5\u810a\u67f1\u4fa7\u5f2f"},"content":{"rendered":"<div data-elementor-type=\"wp-page\" data-elementor-id=\"1400\" class=\"elementor elementor-1400\" data-elementor-post-type=\"page\">\n\t\t\t\t<div class=\"elementor-element elementor-element-967fa70 e-flex e-con-boxed e-con e-parent\" data-id=\"967fa70\" data-element_type=\"container\" data-e-type=\"container\">\n\t\t\t\t\t<div class=\"e-con-inner\">\n\t\t\t\t<div class=\"elementor-element elementor-element-7b94265 elementor-widget elementor-widget-text-editor\" data-id=\"7b94265\" data-element_type=\"widget\" data-e-type=\"widget\" data-widget_type=\"text-editor.default\">\n\t\t\t\t<div class=\"elementor-widget-container\">\n\t\t\t\t\t\t\t\t\t<h2 data-path-to-node=\"2\">\u513f\u7ae5\/\u9752\u5c11\u5e74\u810a\u67f1\u4fa7\u5f2f\u2014\u2014\u7ed9\u5bb6\u957f\u7684\u6307\u5bfc<\/h2><p data-path-to-node=\"3\">\u810a\u67f1\u4fa7\u5f2f\u662f\u6307\u810a\u67f1\u5411\u4fa7\u65b9\u5f2f\u66f2\u3002\u9752\u5c11\u5e74\u7279\u53d1\u6027\u810a\u67f1\u4fa7\u5f2f\u662f\u513f\u7ae5\u4e2d\u6700\u5e38\u89c1\u7684\u810a\u67f1\u75be\u75c5\uff0c\u901a\u5e38\u572810\u81f318\u5c81\u4e4b\u95f4\u786e\u8bca\u3002\u201d\u7279\u53d1\u6027\u201d\u610f\u5473\u7740\u8be5\u75be\u75c5\u7684\u786e\u5207\u75c5\u56e0\u4e0d\u660e\uff0c\u4f46\u9057\u4f20\u56e0\u7d20\u548c\u751f\u957f\u53d1\u80b2\u53ef\u80fd\u8d77\u4e00\u5b9a\u4f5c\u7528\u3002.<\/p><h3 data-path-to-node=\"4\">1. \u5982\u4f55\u8bca\u65ad\u810a\u67f1\u4fa7\u5f2f\uff1f<\/h3><p data-path-to-node=\"5\">\u5927\u591a\u6570\u75c5\u4f8b\u662f\u5728\u5b66\u6821\u5065\u5eb7\u68c0\u67e5\u4e2d\u53d1\u73b0\u7684\u3002\u65e9\u671f\u810a\u67f1\u4fa7\u5f2f\u901a\u5e38\u5b8c\u5168\u65e0\u75db\u4e14\u65e0\u75c7\u72b6\uff0c\u56e0\u6b64\u5b9a\u671f\u7b5b\u67e5\u975e\u5e38\u91cd\u8981\u3002.<\/p><ul data-path-to-node=\"6\"><li><p data-path-to-node=\"6,0,0\"><b data-path-to-node=\"6,0,0\" data-index-in-node=\"0\">\u524d\u5c48\u6d4b\u8bd5\uff1a<\/b> \u5b69\u5b50\u53cc\u817f\u4f38\u76f4\uff0c\u8eab\u4f53\u524d\u503e\u3002\u533b\u62a4\u4eba\u5458\u4f7f\u7528\u810a\u67f1\u4fa7\u5f2f\u4eea\u6d4b\u91cf\u5b69\u5b50\u80cc\u90e8\u53ef\u80fd\u5b58\u5728\u7684\u4e0d\u5bf9\u79f0\uff08\u4fa7\u9a7c\u80cc\uff09\u3002.<\/p><\/li><li><p data-path-to-node=\"6,1,0\"><b data-path-to-node=\"6,1,0\" data-index-in-node=\"0\">X\u5149\uff1a<\/b> \u5982\u679c\u7b5b\u67e5\u7ed3\u679c\u8d85\u8fc7\u4e34\u754c\u503c\uff0c\u5219\u5c06\u5b69\u5b50\u8f6c\u8bca\u7ed9\u533b\u751f\uff0c\u5e76\u8fdb\u884c\u7ad9\u7acb\u4f4d\u80cc\u90e8X\u5149\u68c0\u67e5\u3002\u5982\u679c\u80cc\u90e8\u5f2f\u66f2\u5ea6\uff08\u5373\u6240\u8c13\u7684\u79d1\u5e03\u89d2\uff09\u8d85\u8fc710\u5ea6\uff0c\u5219\u8bca\u65ad\u4e3a\u810a\u67f1\u4fa7\u5f2f\u3002.<\/p><\/li><\/ul><h3 data-path-to-node=\"7\">2. \u76d1\u6d4b\u548c\u6cbb\u7597\u76ee\u6807<\/h3><p data-path-to-node=\"8\">\u6cbb\u7597\u7684\u76ee\u6807\u662f\u9632\u6b62\u810a\u67f1\u4fa7\u5f2f\u5728\u751f\u957f\u53d1\u80b2\u8fc7\u7a0b\u4e2d\u52a0\u91cd\u3002\u5982\u679c\u751f\u957f\u53d1\u80b2\u7ed3\u675f\u65f6\u810a\u67f1\u4fa7\u5f2f\u89d2\u5ea6\u4ecd\u5c0f\u4e8e30\u5ea6\uff0c\u5219\u65e5\u540e\u51fa\u73b0\u80cc\u90e8\u5065\u5eb7\u95ee\u9898\u7684\u98ce\u9669\u4e0e\u666e\u901a\u4eba\u7fa4\u76f8\u540c\u3002.<\/p><ul data-path-to-node=\"9\"><li><p data-path-to-node=\"9,0,0\"><b data-path-to-node=\"9,0,0\" data-index-in-node=\"0\">\u8f7b\u5ea6\u810a\u67f1\u4fa7\u5f2f\uff0810-25\u5ea6\uff09\uff1a<\/b> \u5b9a\u671f\u968f\u8bbf\uff08\u901a\u5e38\u6bcf6-9\u4e2a\u6708\u4e00\u6b21\uff09\uff0c\u5305\u62ecX\u5149\u68c0\u67e5\u548c\u4e34\u5e8a\u68c0\u67e5\u3002\u5927\u591a\u6570\u60a3\u8005\u65e0\u9700\u8fdb\u4e00\u6b65\u6cbb\u7597\u3002.<\/p><\/li><\/ul><h3 data-path-to-node=\"10\">3. \u675f\u8eab\u8863\u7597\u6cd5<\/h3><p data-path-to-node=\"11\">\u5f53\u5b69\u5b50\u4ecd\u6709\u751f\u957f\u53d1\u80b2\u7a7a\u95f4\u4e14\u810a\u67f1\u4fa7\u5f2f\u89d2\u5ea6\u572825-40\u5ea6\u4e4b\u95f4\u65f6\uff0c\u53ef\u4ee5\u8003\u8651\u4f7f\u7528\u652f\u5177\u6cbb\u7597\u3002\u652f\u5177\u7684\u76ee\u7684\u662f\u652f\u6491\u80cc\u90e8\uff0c\u9632\u6b62\u4fa7\u5f2f\u89d2\u5ea6\u8fdb\u4e00\u6b65\u52a0\u91cd\uff0c\u8fbe\u5230\u9700\u8981\u624b\u672f\u7684\u7a0b\u5ea6\u3002.<\/p><ul data-path-to-node=\"12\"><li><p data-path-to-node=\"12,0,0\"><b data-path-to-node=\"12,0,0\" data-index-in-node=\"0\">\u6ce2\u58eb\u987f\u675f\u8eab\u8863\uff1a<\/b> \u5c3d\u53ef\u80fd\u591a\u5730\u4f7f\u7528\uff08\u76ee\u6807\u662f\u6bcf\u5929 23 \u5c0f\u65f6\uff09\u3002.<\/p><\/li><li><p data-path-to-node=\"12,1,0\"><b data-path-to-node=\"12,1,0\" data-index-in-node=\"0\">\u666e\u7f57\u7ef4\u767b\u65af\u591c\u95f4\u7d27\u8eab\u80f8\u8863\uff1a<\/b> \u4ec5\u591c\u95f4\u4f7f\u7528\u3002.<\/p><\/li><li><p data-path-to-node=\"12,2,0\"><b data-path-to-node=\"12,2,0\" data-index-in-node=\"0\">\u6210\u529f\u7684\u5173\u952e\uff1a<\/b> \u675f\u8eab\u8863\u7597\u6cd5\u7684\u6709\u6548\u6027\u53d6\u51b3\u4e8e\u5b69\u5b50\u575a\u6301\u7a7f\u6234\u675f\u8eab\u8863\u7684\u89c4\u5f8b\u6027\u3002.<\/p><\/li><\/ul><h3 data-path-to-node=\"13\">4. \u624b\u672f\u6cbb\u7597<\/h3><p data-path-to-node=\"14\">\u5f53\u810a\u67f1\u4fa7\u5f2f\u8d85\u8fc745\u5ea6\u65f6\uff0c\u901a\u5e38\u5efa\u8bae\u8fdb\u884c\u624b\u672f\u3002\u539f\u56e0\u662f\uff0c\u8d85\u8fc740-45\u5ea6\u7684\u4fa7\u5f2f\u5373\u4f7f\u5728\u751f\u957f\u53d1\u80b2\u505c\u6b62\u540e\uff0c\u5f80\u5f80\u4ecd\u4f1a\u7f13\u6162\u52a0\u91cd\u3002.<\/p><ul data-path-to-node=\"15\"><li><p data-path-to-node=\"15,0,0\"><b data-path-to-node=\"15,0,0\" data-index-in-node=\"0\">\u9aa8\u5316\u624b\u672f\uff1a<\/b> \u810a\u67f1\u901a\u8fc7\u949b\u87ba\u9489\u548c\u94a2\u68d2\u8fdb\u884c\u77eb\u6b63\u548c\u652f\u6491\u3002\u8be5\u624b\u672f\u53ef\u4ee5\u77eb\u6b63\u5927\u90e8\u5206\u810a\u67f1\u4fa7\u5f2f\uff0c\u5e76\u6539\u5584\u80f8\u5ed3\u4f4d\u7f6e\u3002.<\/p><\/li><li><p data-path-to-node=\"15,1,0\"><b data-path-to-node=\"15,1,0\" data-index-in-node=\"0\">\u4e3a\u4ec0\u4e48\u624b\u672f\u5f88\u91cd\u8981\uff1f<\/b> \u975e\u5e38\u4e25\u91cd\u7684\u810a\u67f1\u4fa7\u5f2f\uff08\u8d85\u8fc7 60 \u5ea6\uff09\u4f1a\u9650\u5236\u80ba\u529f\u80fd\uff0c\u5e76\u53ef\u80fd\u5bfc\u81f4\u4e25\u91cd\u7684\u80cc\u75db\u548c\u529f\u80fd\u80fd\u529b\u4e0b\u964d\u3002.<\/p><\/li><\/ul><hr data-path-to-node=\"16\" \/><p data-path-to-node=\"20\">Duodecim \u6587\u7ae0<\/p><p data-path-to-node=\"20\"><a href=\"https:\/\/www.duodecimlehti.fi\/duo15625\" target=\"_blank\" rel=\"noopener\">https:\/\/www.duodecimlehti.fi\/duo15625<\/a><\/p>\t\t\t\t\t\t\t\t<\/div>\n\t\t\t\t<\/div>\n\t\t\t\t\t<\/div>\n\t\t\t\t<\/div>\n\t\t\t\t<\/div>","protected":false},"excerpt":{"rendered":"<p>Laspsen \/ nuoren skolioosi \u2013 Ohje vanhemmille Skolioosi tarkoittaa selk\u00e4rangan vinoutumista sivusuunnassa. Nuoruusi\u00e4n idiopaattinen skolioosi on yleisin lasten selk\u00e4sairaus, ja se todetaan yleens\u00e4 10\u201318 vuoden i\u00e4ss\u00e4. &#8221;Idiopaattinen&#8221; tarkoittaa, ett\u00e4 sairauden tarkkaa syyt\u00e4 ei tiedet\u00e4, mutta perint\u00f6tekij\u00f6ill\u00e4 ja kasvulla on siihen osuutta. 1. Miten skolioosi todetaan? Valtaosa tapauksista l\u00f6ytyy kouluterveydenhuollon tarkastuksissa. Skolioosi on alkuvaiheessa usein t\u00e4ysin [&hellip;]<\/p>\n","protected":false},"author":1,"featured_media":0,"parent":0,"menu_order":0,"comment_status":"closed","ping_status":"closed","template":"","meta":{"_angie_page":false,"site-sidebar-layout":"no-sidebar","site-content-layout":"page-builder","ast-site-content-layout":"full-width-container","site-content-style":"default","site-sidebar-style":"default","ast-global-header-display":"","ast-banner-title-visibility":"","ast-main-header-display":"","ast-hfb-above-header-display":"","ast-hfb-below-header-display":"","ast-hfb-mobile-header-display":"","site-post-title":"","ast-breadcrumbs-content":"","ast-featured-img":"disabled","footer-sml-layout":"","ast-disable-related-posts":"","theme-transparent-header-meta":"","adv-header-id-meta":"","stick-header-meta":"","header-above-stick-meta":"","header-main-stick-meta":"","header-below-stick-meta":"","astra-migrate-meta-layouts":"set","ast-page-background-enabled":"default","ast-page-background-meta":{"desktop":{"background-color":"","background-image":"","background-repeat":"repeat","background-position":"center center","background-size":"auto","background-attachment":"scroll","background-type":"","background-media":"","overlay-type":"","overlay-color":"","overlay-opacity":"","overlay-gradient":""},"tablet":{"background-color":"","background-image":"","background-repeat":"repeat","background-position":"center center","background-size":"auto","background-attachment":"scroll","background-type":"","background-media":"","overlay-type":"","overlay-color":"","overlay-opacity":"","overlay-gradient":""},"mobile":{"background-color":"","background-image":"","background-repeat":"repeat","background-position":"center center","background-size":"auto","background-attachment":"scroll","background-type":"","background-media":"","overlay-type":"","overlay-color":"","overlay-opacity":"","overlay-gradient":""}},"ast-content-background-meta":{"desktop":{"background-color":"var(--ast-global-color-5)","background-image":"","background-repeat":"repeat","background-position":"center center","background-size":"auto","background-attachment":"scroll","background-type":"","background-media":"","overlay-type":"","overlay-color":"","overlay-opacity":"","overlay-gradient":""},"tablet":{"background-color":"var(--ast-global-color-5)","background-image":"","background-repeat":"repeat","background-position":"center center","background-size":"auto","background-attachment":"scroll","background-type":"","background-media":"","overlay-type":"","overlay-color":"","overlay-opacity":"","overlay-gradient":""},"mobile":{"background-color":"var(--ast-global-color-5)","background-image":"","background-repeat":"repeat","background-position":"center center","background-size":"auto","background-attachment":"scroll","background-type":"","background-media":"","overlay-type":"","overlay-color":"","overlay-opacity":"","overlay-gradient":""}},"footnotes":""},"class_list":["post-1400","page","type-page","status-publish","hentry"],"_links":{"self":[{"href":"https:\/\/lastenkirurgia.fi\/zh\/wp-json\/wp\/v2\/pages\/1400","targetHints":{"allow":["GET"]}}],"collection":[{"href":"https:\/\/lastenkirurgia.fi\/zh\/wp-json\/wp\/v2\/pages"}],"about":[{"href":"https:\/\/lastenkirurgia.fi\/zh\/wp-json\/wp\/v2\/types\/page"}],"author":[{"embeddable":true,"href":"https:\/\/lastenkirurgia.fi\/zh\/wp-json\/wp\/v2\/users\/1"}],"replies":[{"embeddable":true,"href":"https:\/\/lastenkirurgia.fi\/zh\/wp-json\/wp\/v2\/comments?post=1400"}],"version-history":[{"count":4,"href":"https:\/\/lastenkirurgia.fi\/zh\/wp-json\/wp\/v2\/pages\/1400\/revisions"}],"predecessor-version":[{"id":1637,"href":"https:\/\/lastenkirurgia.fi\/zh\/wp-json\/wp\/v2\/pages\/1400\/revisions\/1637"}],"wp:attachment":[{"href":"https:\/\/lastenkirurgia.fi\/zh\/wp-json\/wp\/v2\/media?parent=1400"}],"curies":[{"name":"wp","href":"https:\/\/api.w.org\/{rel}","templated":true}]}}