{"id":1404,"date":"2026-04-09T13:56:46","date_gmt":"2026-04-09T13:56:46","guid":{"rendered":"https:\/\/darkcyan-pheasant-754087.hostingersite.com\/?page_id=1404"},"modified":"2026-04-17T05:49:23","modified_gmt":"2026-04-17T05:49:23","slug":"lapsen-harjurinta","status":"publish","type":"page","link":"https:\/\/lastenkirurgia.fi\/zh\/lapsen-harjurinta\/","title":{"rendered":"\u513f\u7ae5\u810a\u80f8"},"content":{"rendered":"<div data-elementor-type=\"wp-page\" data-elementor-id=\"1404\" class=\"elementor elementor-1404\" data-elementor-post-type=\"page\">\n\t\t\t\t<div class=\"elementor-element elementor-element-1d6a3a6 e-flex e-con-boxed e-con e-parent\" data-id=\"1d6a3a6\" data-element_type=\"container\" data-e-type=\"container\">\n\t\t\t\t\t<div class=\"e-con-inner\">\n\t\t\t\t<div class=\"elementor-element elementor-element-08bcd79 elementor-widget elementor-widget-text-editor\" data-id=\"08bcd79\" data-element_type=\"widget\" data-e-type=\"widget\" data-widget_type=\"text-editor.default\">\n\t\t\t\t<div class=\"elementor-widget-container\">\n\t\t\t\t\t\t\t\t\t<h2 data-path-to-node=\"2\">\u9e21\u51a0\u80f8\uff08Pectus carinatum\uff09<\/h2><p data-path-to-node=\"3\">\u9a7c\u80cc\u662f\u4e00\u79cd\u80f8\u90e8\u7ed3\u6784\u5f02\u5e38\uff0c\u8868\u73b0\u4e3a\u80f8\u9aa8\u548c\u808b\u9aa8\u5411\u5916\u7a81\u51fa\u3002\u56e0\u6b64\uff0c\u8fd9\u79cd\u75be\u75c5\u5e38\u88ab\u79f0\u4e3a\u201d\u9e21\u80f8\u201d\u3002\u7537\u5b69\u60a3\u6b64\u75c5\u7684\u51e0\u7387\u8fdc\u9ad8\u4e8e\u5973\u5b69\uff0c\u5927\u7ea6\u6bcf\u5343\u540d\u513f\u7ae5\u4e2d\u5c31\u6709\u4e00\u540d\u60a3\u6709\u6b64\u75c5\u3002.<\/p><h3 data-path-to-node=\"4\">\u75c7\u72b6\u548c\u53d1\u5c55<\/h3><ul data-path-to-node=\"5\"><li><p data-path-to-node=\"5,0,0\"><b data-path-to-node=\"5,0,0\" data-index-in-node=\"0\">\u5916\u8c8c\uff1a<\/b> \u6700\u660e\u663e\u7684\u75c7\u72b6\u662f\u80f8\u90e8\u7a81\u51fa\u3002\u80f8\u90e8\u5f62\u72b6\u901a\u5e38\u4e0d\u5bf9\u79f0\uff0c\u4e00\u4fa7\u66f4\u4e3a\u7a81\u51fa\u3002.<\/p><\/li><li><p data-path-to-node=\"5,1,0\"><b data-path-to-node=\"5,1,0\" data-index-in-node=\"0\">\u751f\u957f\uff1a<\/b> \u968f\u7740\u5b69\u5b50\u957f\u5927\uff0c\u8fd9\u79cd\u60c5\u51b5\u901a\u5e38\u4f1a\u6076\u5316\uff0c\u5c24\u5176\u662f\u5728\u9752\u6625\u671f\u751f\u957f\u53d1\u80b2\u7684\u731b\u957f\u671f\u3002.<\/p><\/li><li><p data-path-to-node=\"5,2,0\"><b data-path-to-node=\"5,2,0\" data-index-in-node=\"0\">\u75bc\u75db\uff1a<\/b> \u5927\u591a\u6570\u513f\u7ae5\u6ca1\u6709\u75c7\u72b6\uff0c\u4f46\u6709\u4e9b\u513f\u7ae5\u5728\u8fd0\u52a8\u65f6\u53ef\u80fd\u4f1a\u611f\u5230\u75bc\u75db\u3002.<\/p><\/li><li><p data-path-to-node=\"5,3,0\"><b data-path-to-node=\"5,3,0\" data-index-in-node=\"0\">\u76f8\u5173\u75be\u75c5\uff1a<\/b> \u5927\u7ea6 15% \u7684\u513f\u7ae5\u8fd8\u60a3\u6709\u810a\u67f1\u4fa7\u5f2f\u3002.<\/p><\/li><\/ul><h3 data-path-to-node=\"6\">\u7f18\u7531<\/h3><p data-path-to-node=\"7\">\u810a\u67f1\u4fa7\u5f2f\u7684\u786e\u5207\u75c5\u56e0\u5c1a\u4e0d\u6e05\u695a\u3002\u867d\u7136\u5927\u591a\u6570\u60a3\u513f\u6ca1\u6709\u5bb6\u65cf\u75c5\u53f2\uff0c\u4f46\u9057\u4f20\u56e0\u7d20\u88ab\u8ba4\u4e3a\u5728\u8be5\u75c5\u7684\u53d1\u751f\u53d1\u5c55\u4e2d\u8d77\u7740\u4e00\u5b9a\u4f5c\u7528\u3002.<\/p><h3 data-path-to-node=\"8\">\u68c0\u67e5\u548c\u8bca\u65ad<\/h3><p data-path-to-node=\"9\">\u533b\u751f\u901a\u5e38\u4f1a\u5728\u4f8b\u884c\u4f53\u68c0\u4e2d\u8bca\u65ad\u51fa\u759d\u6c14\u3002\u6709\u65f6\u53ef\u80fd\u9700\u8981\u8fdb\u884c\u5176\u4ed6\u68c0\u67e5\u4ee5\u6392\u9664\u5176\u4ed6\u75be\u75c5\uff1a<\/p><h3 data-path-to-node=\"11\">\u6cbb\u7597\u65b9\u6848<\/h3><p data-path-to-node=\"12\">\u8f7b\u5ea6\u75c5\u4f8b\u901a\u5e38\u4e0d\u9700\u8981\u6cbb\u7597\uff0c\u53ea\u9700\u89c2\u5bdf\u3002\u5982\u679c\u635f\u4f24\u7a0b\u5ea6\u4e3a\u4e2d\u5ea6\u6216\u91cd\u5ea6\uff0c\u5219\u6709\u4e24\u79cd\u9009\u62e9\uff1a<\/p><p data-path-to-node=\"13\"><b data-path-to-node=\"13\" data-index-in-node=\"0\">1.\u652f\u67b6<\/b><\/p><ul data-path-to-node=\"14\"><li><p data-path-to-node=\"14,0,0\">\u6700\u9002\u5408\u80f8\u90e8\u4ecd\u5177\u5f39\u6027\u7684\u513f\u7ae5\uff08\u9752\u6625\u671f\u7ed3\u675f\u524d\uff09\u3002.<\/p><\/li><li><p data-path-to-node=\"14,1,0\">\u4e3a\u5b69\u5b50\u91cf\u8eab\u5b9a\u5236\u4e00\u4ef6\u675f\u8eab\u8863\uff0c\u901a\u8fc7\u538b\u8feb\u7a81\u51fa\u90e8\u4f4d\uff0c\u9010\u6e10\u5851\u9020\u80f8\u578b\u3002.<\/p><\/li><li><p data-path-to-node=\"14,2,0\">\u6cbb\u7597\u53ef\u80fd\u6301\u7eed1-2\u5e74<\/p><\/li><\/ul><p data-path-to-node=\"15\"><b data-path-to-node=\"15\" data-index-in-node=\"0\">2. \u624b\u672f\u6cbb\u7597\uff08\u62c9\u7ef4\u5947\u6cd5\uff09<\/b><\/p><ul data-path-to-node=\"16\"><li><p data-path-to-node=\"16,0,0\">\u53ea\u6709\u5728\u75c5\u60c5\u4e25\u91cd\u6216\u675f\u8eab\u8863\u6cbb\u7597\u65e0\u6548\u7684\u60c5\u51b5\u4e0b\uff0c\u624d\u4f1a\u8003\u8651\u624b\u672f\u3002.<\/p><\/li><li><p data-path-to-node=\"16,1,0\">\u624b\u672f\u8fc7\u7a0b\u4e2d\uff0c\u5916\u79d1\u533b\u751f\u4f1a\u5207\u9664\u591a\u4f59\u7684\u8f6f\u9aa8\uff0c\u5e76\u5c06\u80f8\u9aa8\u91cd\u5851\u5230\u6b63\u786e\u7684\u4f4d\u7f6e\u3002.<\/p><\/li><\/ul><hr data-path-to-node=\"17\" \/><h3 data-path-to-node=\"18\">\u4f55\u65f6\u5e94\u8be5\u8054\u7cfb\u533b\u751f\uff1f<\/h3><p data-path-to-node=\"19\">\u5982\u679c\u5b69\u5b50\u7684\u80f8\u90e8\u660e\u663e\u5411\u5916\u7a81\u51fa\uff08\u6216\u8005\u5916\u89c2\u95ee\u9898\u7ed9\u5b69\u5b50\u5e26\u6765\u5176\u4ed6\u56f0\u6270\uff09\uff0c\u6216\u8005\u5b69\u5b50\u5728\u8fd0\u52a8\u65f6\u62b1\u6028\u80f8\u75db\u3002.<\/p><p data-path-to-node=\"19\">\u6ce2\u58eb\u987f\u513f\u7ae5\u533b\u9662\u6587\u7ae0\u94fe\u63a5<\/p><p data-path-to-node=\"19\"><a href=\"https:\/\/www.childrenshospital.org\/conditions-treatments\/pectus-carinatum\" target=\"_blank\" rel=\"noopener\">https:\/\/www.childrenshospital.org\/conditions-treatments\/pectus-carinatum<\/a><\/p>\t\t\t\t\t\t\t\t<\/div>\n\t\t\t\t<\/div>\n\t\t\t\t<div class=\"elementor-element elementor-element-3c0f38d elementor-widget elementor-widget-image\" data-id=\"3c0f38d\" data-element_type=\"widget\" data-e-type=\"widget\" data-widget_type=\"image.default\">\n\t\t\t\t<div class=\"elementor-widget-container\">\n\t\t\t\t\t\t\t\t\t\t\t\t\t\t\t<img fetchpriority=\"high\" decoding=\"async\" width=\"1024\" height=\"640\" src=\"https:\/\/lastenkirurgia.fi\/wp-content\/uploads\/2026\/04\/harjurinta-1024x640.webp\" class=\"attachment-large size-large wp-image-1719\" alt=\"\" srcset=\"https:\/\/lastenkirurgia.fi\/wp-content\/uploads\/2026\/04\/harjurinta-1024x640.webp 1024w, https:\/\/lastenkirurgia.fi\/wp-content\/uploads\/2026\/04\/harjurinta-300x188.webp 300w, https:\/\/lastenkirurgia.fi\/wp-content\/uploads\/2026\/04\/harjurinta-768x480.webp 768w, https:\/\/lastenkirurgia.fi\/wp-content\/uploads\/2026\/04\/harjurinta-18x12.webp 18w, https:\/\/lastenkirurgia.fi\/wp-content\/uploads\/2026\/04\/harjurinta.webp 1152w\" sizes=\"(max-width: 1024px) 100vw, 1024px\" \/>\t\t\t\t\t\t\t\t\t\t\t\t\t\t\t<\/div>\n\t\t\t\t<\/div>\n\t\t\t\t\t<\/div>\n\t\t\t\t<\/div>\n\t\t\t\t<\/div>","protected":false},"excerpt":{"rendered":"<p>Harjurinta (Pectus carinatum) Harjurinta on rintakeh\u00e4n rakennepoikkeama, jossa rintalasta ja kylkiluut ty\u00f6ntyv\u00e4t ulosp\u00e4in. T\u00e4st\u00e4 syyst\u00e4 tilaa kutsutaan usein my\u00f6s &#8221;kananrinnaksi&#8221;. Se on huomattavasti yleisemp\u00e4\u00e4 pojilla kuin tyt\u00f6ill\u00e4 ja esiintyy noin yhdell\u00e4 tuhannesta lapsesta. Oireet ja kehitys Ulkon\u00e4k\u00f6: Selvin oire on ulosp\u00e4in ty\u00f6ntyv\u00e4 rintakeh\u00e4. Muoto on usein ep\u00e4symmetrinen, jolloin toinen puoli rinnasta on n\u00e4kyv\u00e4mmin koholla. Kasvu: [&hellip;]<\/p>\n","protected":false},"author":1,"featured_media":0,"parent":0,"menu_order":0,"comment_status":"closed","ping_status":"closed","template":"","meta":{"_angie_page":false,"site-sidebar-layout":"no-sidebar","site-content-layout":"page-builder","ast-site-content-layout":"full-width-container","site-content-style":"default","site-sidebar-style":"default","ast-global-header-display":"","ast-banner-title-visibility":"","ast-main-header-display":"","ast-hfb-above-header-display":"","ast-hfb-below-header-display":"","ast-hfb-mobile-header-display":"","site-post-title":"","ast-breadcrumbs-content":"","ast-featured-img":"disabled","footer-sml-layout":"","ast-disable-related-posts":"","theme-transparent-header-meta":"","adv-header-id-meta":"","stick-header-meta":"","header-above-stick-meta":"","header-main-stick-meta":"","header-below-stick-meta":"","astra-migrate-meta-layouts":"set","ast-page-background-enabled":"default","ast-page-background-meta":{"desktop":{"background-color":"","background-image":"","background-repeat":"repeat","background-position":"center center","background-size":"auto","background-attachment":"scroll","background-type":"","background-media":"","overlay-type":"","overlay-color":"","overlay-opacity":"","overlay-gradient":""},"tablet":{"background-color":"","background-image":"","background-repeat":"repeat","background-position":"center center","background-size":"auto","background-attachment":"scroll","background-type":"","background-media":"","overlay-type":"","overlay-color":"","overlay-opacity":"","overlay-gradient":""},"mobile":{"background-color":"","background-image":"","background-repeat":"repeat","background-position":"center center","background-size":"auto","background-attachment":"scroll","background-type":"","background-media":"","overlay-type":"","overlay-color":"","overlay-opacity":"","overlay-gradient":""}},"ast-content-background-meta":{"desktop":{"background-color":"var(--ast-global-color-5)","background-image":"","background-repeat":"repeat","background-position":"center center","background-size":"auto","background-attachment":"scroll","background-type":"","background-media":"","overlay-type":"","overlay-color":"","overlay-opacity":"","overlay-gradient":""},"tablet":{"background-color":"var(--ast-global-color-5)","background-image":"","background-repeat":"repeat","background-position":"center center","background-size":"auto","background-attachment":"scroll","background-type":"","background-media":"","overlay-type":"","overlay-color":"","overlay-opacity":"","overlay-gradient":""},"mobile":{"background-color":"var(--ast-global-color-5)","background-image":"","background-repeat":"repeat","background-position":"center center","background-size":"auto","background-attachment":"scroll","background-type":"","background-media":"","overlay-type":"","overlay-color":"","overlay-opacity":"","overlay-gradient":""}},"footnotes":""},"class_list":["post-1404","page","type-page","status-publish","hentry"],"_links":{"self":[{"href":"https:\/\/lastenkirurgia.fi\/zh\/wp-json\/wp\/v2\/pages\/1404","targetHints":{"allow":["GET"]}}],"collection":[{"href":"https:\/\/lastenkirurgia.fi\/zh\/wp-json\/wp\/v2\/pages"}],"about":[{"href":"https:\/\/lastenkirurgia.fi\/zh\/wp-json\/wp\/v2\/types\/page"}],"author":[{"embeddable":true,"href":"https:\/\/lastenkirurgia.fi\/zh\/wp-json\/wp\/v2\/users\/1"}],"replies":[{"embeddable":true,"href":"https:\/\/lastenkirurgia.fi\/zh\/wp-json\/wp\/v2\/comments?post=1404"}],"version-history":[{"count":21,"href":"https:\/\/lastenkirurgia.fi\/zh\/wp-json\/wp\/v2\/pages\/1404\/revisions"}],"predecessor-version":[{"id":1727,"href":"https:\/\/lastenkirurgia.fi\/zh\/wp-json\/wp\/v2\/pages\/1404\/revisions\/1727"}],"wp:attachment":[{"href":"https:\/\/lastenkirurgia.fi\/zh\/wp-json\/wp\/v2\/media?parent=1404"}],"curies":[{"name":"wp","href":"https:\/\/api.w.org\/{rel}","templated":true}]}}