{"id":1406,"date":"2026-04-09T13:57:14","date_gmt":"2026-04-09T13:57:14","guid":{"rendered":"https:\/\/darkcyan-pheasant-754087.hostingersite.com\/?page_id=1406"},"modified":"2026-04-12T07:29:05","modified_gmt":"2026-04-12T07:29:05","slug":"lapsen-raajojen-rakennepoikkeamat","status":"publish","type":"page","link":"https:\/\/lastenkirurgia.fi\/zh\/lapsen-raajojen-rakennepoikkeamat\/","title":{"rendered":"\u513f\u7ae5\u56db\u80a2\u7684\u7ed3\u6784\u5f02\u5e38"},"content":{"rendered":"<div data-elementor-type=\"wp-page\" data-elementor-id=\"1406\" class=\"elementor elementor-1406\" data-elementor-post-type=\"page\">\n\t\t\t\t<div class=\"elementor-element elementor-element-0a34132 e-flex e-con-boxed e-con e-parent\" data-id=\"0a34132\" data-element_type=\"container\" data-e-type=\"container\">\n\t\t\t\t\t<div class=\"e-con-inner\">\n\t\t\t\t<div class=\"elementor-element elementor-element-e85a413 elementor-widget elementor-widget-text-editor\" data-id=\"e85a413\" data-element_type=\"widget\" data-e-type=\"widget\" data-widget_type=\"text-editor.default\">\n\t\t\t\t<div class=\"elementor-widget-container\">\n\t\t\t\t\t\t\t\t\t<h2 data-path-to-node=\"2\">\u513f\u7ae5\u56db\u80a2\u548c\u8db3\u90e8\u4f4d\u7f6e\u7684\u7ed3\u6784\u5f02\u5e38\uff1a\u4ec0\u4e48\u662f\u6b63\u5e38\u7684\uff1f<\/h2>\n<p data-path-to-node=\"3\">\u513f\u7ae5\u751f\u957f\u53d1\u80b2\u8fc7\u7a0b\u4e2d\uff0c\u8bb8\u591a\u9636\u6bb5\u7684\u8db3\u90e8\u4f4d\u7f6e\u53ef\u80fd\u770b\u8d77\u6765\u5f02\u5e38\uff0c\u4f46\u8fd9\u901a\u5e38\u662f\u6b63\u5e38\u53d1\u80b2\u7684\u4e00\u90e8\u5206\u3002\u4ee5\u4e0b\u662f\u5bf9\u6700\u5e38\u89c1\u60c5\u51b5\u7684\u7b80\u8981\u63cf\u8ff0\u3002\u6700\u7ec8\u5224\u65ad\u5b69\u5b50\u7684\u60c5\u51b5\u662f\u5426\u6b63\u5e38\uff0c\u6700\u597d\u8fd8\u662f\u7531\u533b\u751f\u8fdb\u884c\u8bc4\u4f30\u3002.<\/p>\n<h3 data-path-to-node=\"4\">\u8db3\u90e8\u548c\u884c\u8d70\u59ff\u52bf<\/h3>\n<ul data-path-to-node=\"5\">\n<li>\n<p data-path-to-node=\"5,0,0\"><b data-path-to-node=\"5,0,0\" data-index-in-node=\"0\">\u6241\u5e73\u8db3\u548c\u5185\u7ffb\u8db3\uff1a<\/b> \u8fd9\u4e9b\u60c5\u51b5\u901a\u5e38\u5bf9\u513f\u7ae5\u65e0\u5bb3\uff0c\u800c\u4e14\u5f80\u5f80\u4f1a\u81ea\u884c\u75ca\u6108\u3002\u5982\u679c\u8db3\u90e8\u6d3b\u52a8\u81ea\u5982\u4e14\u65e0\u75bc\u75db\uff0c\u901a\u5e38\u65e0\u9700\u6cbb\u7597\u3002\u4f46\u662f\uff0c\u5c11\u6570\u513f\u7ae5\u53ef\u80fd\u9700\u8981\u6cbb\u7597\u3002.<\/p>\n<\/li>\n<li>\n<p data-path-to-node=\"5,1,0\"><b data-path-to-node=\"5,1,0\" data-index-in-node=\"0\">\u8d70\u8def\u65f6\u811a\u8dbe\u5185\u6263\u6216\u5916\u6263\uff1a<\/b> \u8fd9\u79cd\u60c5\u51b5\u975e\u5e38\u5e38\u89c1\uff0c\u901a\u5e38\u662f\u7531\u4e8e\u5b69\u5b50\u6210\u957f\u8fc7\u7a0b\u4e2d\u9acb\u5173\u8282\u4f4d\u7f6e\u7684\u81ea\u7136\u53d8\u5316\u5f15\u8d77\u7684\uff0c\u65e0\u9700\u7279\u6b8a\u6cbb\u7597\u3002.<\/p>\n<\/li>\n<li>\n<p data-path-to-node=\"5,2,0\"><b data-path-to-node=\"5,2,0\" data-index-in-node=\"0\">\u811a\u8dbe\u91cd\u53e0\uff1a<\/b> \u8fd9\u901a\u5e38\u662f\u7531\u808c\u8171\u7d27\u5f20\u5f15\u8d77\u7684\u3002\u8fd9\u901a\u5e38\u53ea\u662f\u4e00\u4e2a\u5916\u89c2\u95ee\u9898\uff0c\u4e0d\u4f1a\u5f71\u54cd\u5b69\u5b50\u7684\u6d3b\u52a8\u3002.<\/p>\n<\/li>\n<\/ul>\n<h3 data-path-to-node=\"6\">\u819d\u5173\u8282\u4f4d\u7f6e\uff08\u9acb\u5173\u8282\u548c\u819d\u5173\u8282\u5f2f\u66f2\uff09<\/h3>\n<ul data-path-to-node=\"7\">\n<li>\n<p data-path-to-node=\"7,0,0\"><b data-path-to-node=\"7,0,0\" data-index-in-node=\"0\">\u897f\u65b9\u6027\uff1a<\/b> \u5e38\u89c1\u4e8e\u5a74\u5e7c\u513f\u3002.<\/p>\n<\/li>\n<li>\n<p data-path-to-node=\"7,1,0\"><b data-path-to-node=\"7,1,0\" data-index-in-node=\"0\">\u94b3\u5939\u578b\u819d\u5173\u8282\uff1a<\/b> \u6700\u5e38\u89c1\u4e8e3\u5c81\u5de6\u53f3\u3002.<\/p>\n<\/li>\n<li>\n<p data-path-to-node=\"7,2,0\"><b data-path-to-node=\"7,2,0\" data-index-in-node=\"0\">\u4f55\u65f6\u5e94\u8be5\u53bb\u770b\u533b\u751f\uff1f<\/b> \u5982\u679c\u819d\u5173\u8282\u4f4d\u7f6e\u660e\u663e\u662f\u5355\u4fa7\u7684\uff08\u53ea\u6709\u4e00\u6761\u817f\u53d7\u5230\u5f71\u54cd\uff09\uff0c\u5219\u968f\u7740\u5e74\u9f84\u7684\u589e\u957f\uff0c\u95ee\u9898\u4f1a\u6076\u5316\u6216\u975e\u5e38\u4e25\u91cd\u3002.<\/p>\n<\/li>\n<\/ul>\n<h3 data-path-to-node=\"8\">\u5148\u5929\u6027\u5f02\u5e38<\/h3>\n<ul data-path-to-node=\"9\">\n<li>\n<p data-path-to-node=\"9,0,0\"><b data-path-to-node=\"9,0,0\" data-index-in-node=\"0\">\u9a6c\u8e44\u5185\u7ffb\u8db3\uff1a<\/b> \u8fd9\u79cd\u75be\u75c5\u901a\u5e38\u5728\u51fa\u751f\u65f6\u5373\u53ef\u8bca\u65ad\u51fa\u6765\u3002\u6cbb\u7597\u65b9\u6cd5\u662f\u63a5\u53d7\u4e13\u95e8\u7684\u533b\u7597\u62a4\u7406\uff0c\u6700\u5e38\u89c1\u7684\u65b9\u6cd5\u662f\u6253\u77f3\u818f\u548c\u7a7f\u7279\u5236\u978b\u3002.<\/p>\n<\/li>\n<li>\n<p data-path-to-node=\"9,1,0\"><b data-path-to-node=\"9,1,0\" data-index-in-node=\"0\">\u9a6c\u8e44\u5185\u7ffb\u8db3\u6216\u9a6c\u8e44\u5185\u7ffb\u8db3\uff1a<\/b> \u624b\u6307\u548c\u811a\u8dbe\u878d\u5408\u7684\u6cbb\u7597\u9700\u6c42\u59cb\u7ec8\u9700\u8981\u6839\u636e\u5177\u4f53\u60c5\u51b5\u8fdb\u884c\u8bc4\u4f30\u3002\u5bf9\u4e8e\u624b\u6307\u878d\u5408\uff0c\u901a\u5e38\u91c7\u7528\u624b\u672f\u6cbb\u7597\u4ee5\u786e\u4fdd\u529f\u80fd\u6062\u590d\u3002.<\/p>\n<\/li>\n<\/ul>\n<h3 data-path-to-node=\"10\">\u817f\u957f\u5dee\u5f02<\/h3>\n<ul data-path-to-node=\"11\">\n<li>\n<p data-path-to-node=\"11,0,0\"><b data-path-to-node=\"11,0,0\" data-index-in-node=\"0\">\u7ec6\u5fae\u5dee\u522b\uff1a<\/b> \u817f\u957f\u76f8\u5dee\u5c0f\u4e8e 2 \u5398\u7c73\u975e\u5e38\u5e38\u89c1\uff0c\u800c\u4e14\u901a\u5e38\u5b8c\u5168\u65e0\u5bb3\u3002.<\/p>\n<\/li>\n<li>\n<p data-path-to-node=\"11,1,0\"><b data-path-to-node=\"11,1,0\" data-index-in-node=\"0\">\u4e3b\u8981\u533a\u522b\uff1a<\/b> \u5982\u679c\u8eab\u9ad8\u5dee\u8d85\u8fc72\u5398\u7c73\uff0c\u53ef\u80fd\u4f1a\u5bfc\u81f4\u59ff\u52bf\u95ee\u9898\u548c\u8ddb\u884c\u3002\u5728\u8fd9\u79cd\u60c5\u51b5\u4e0b\uff0c\u5b69\u5b50\u5c06\u88ab\u8f6c\u8bca\u7ed9\u4e13\u79d1\u533b\u751f\u8fdb\u884c\u8bc4\u4f30\uff0c\u4ee5\u5236\u5b9a\u6cbb\u7597\u65b9\u6848\u3002.<\/p>\n<\/li>\n<\/ul>\n<p data-path-to-node=\"15,3,0\">\u5065\u5eb7\u56fe\u4e66\u9986\u5173\u4e8e\u513f\u7ae5\u56db\u80a2\u7ed3\u6784\u5f02\u5e38\u7684\u6587\u7ae0<\/p>\n<p data-path-to-node=\"15,3,0\"><a href=\"https:\/\/www.terveyskirjasto.fi\/tju00140\" target=\"_blank\" rel=\"noopener\">https:\/\/www.terveyskirjasto.fi\/tju00140<\/a><\/p>\t\t\t\t\t\t\t\t<\/div>\n\t\t\t\t<\/div>\n\t\t\t\t\t<\/div>\n\t\t\t\t<\/div>\n\t\t\t\t<\/div>","protected":false},"excerpt":{"rendered":"<p>Lapsen raajojen rakennepoikkeamat ja jalkaterien asennot: Mik\u00e4 on normaalia? Lasten kasvuun kuuluu monia vaiheita, joissa jalkojen asennot saattavat n\u00e4ytt\u00e4\u00e4 poikkeavilta, mutta ovat usein osa normaalia kehityst\u00e4. Alla on kuvattu hyvin karkeasti yleisimpi\u00e4 tilanteita. Varsinaisen arvion siit\u00e4, onko lapsen tilanne normaali vai poikkeava, olisi hyv\u00e4 aina l\u00e4\u00e4k\u00e4rin tehd\u00e4. Jalkaterien ja k\u00e4velyn asennot Latuskajalka ja sis\u00e4\u00e4np\u00e4in k\u00e4\u00e4ntynyt [&hellip;]<\/p>\n","protected":false},"author":1,"featured_media":0,"parent":0,"menu_order":0,"comment_status":"closed","ping_status":"closed","template":"","meta":{"_angie_page":false,"site-sidebar-layout":"no-sidebar","site-content-layout":"page-builder","ast-site-content-layout":"full-width-container","site-content-style":"default","site-sidebar-style":"default","ast-global-header-display":"","ast-banner-title-visibility":"","ast-main-header-display":"","ast-hfb-above-header-display":"","ast-hfb-below-header-display":"","ast-hfb-mobile-header-display":"","site-post-title":"","ast-breadcrumbs-content":"","ast-featured-img":"disabled","footer-sml-layout":"","ast-disable-related-posts":"","theme-transparent-header-meta":"","adv-header-id-meta":"","stick-header-meta":"","header-above-stick-meta":"","header-main-stick-meta":"","header-below-stick-meta":"","astra-migrate-meta-layouts":"set","ast-page-background-enabled":"default","ast-page-background-meta":{"desktop":{"background-color":"","background-image":"","background-repeat":"repeat","background-position":"center center","background-size":"auto","background-attachment":"scroll","background-type":"","background-media":"","overlay-type":"","overlay-color":"","overlay-opacity":"","overlay-gradient":""},"tablet":{"background-color":"","background-image":"","background-repeat":"repeat","background-position":"center center","background-size":"auto","background-attachment":"scroll","background-type":"","background-media":"","overlay-type":"","overlay-color":"","overlay-opacity":"","overlay-gradient":""},"mobile":{"background-color":"","background-image":"","background-repeat":"repeat","background-position":"center center","background-size":"auto","background-attachment":"scroll","background-type":"","background-media":"","overlay-type":"","overlay-color":"","overlay-opacity":"","overlay-gradient":""}},"ast-content-background-meta":{"desktop":{"background-color":"var(--ast-global-color-5)","background-image":"","background-repeat":"repeat","background-position":"center center","background-size":"auto","background-attachment":"scroll","background-type":"","background-media":"","overlay-type":"","overlay-color":"","overlay-opacity":"","overlay-gradient":""},"tablet":{"background-color":"var(--ast-global-color-5)","background-image":"","background-repeat":"repeat","background-position":"center center","background-size":"auto","background-attachment":"scroll","background-type":"","background-media":"","overlay-type":"","overlay-color":"","overlay-opacity":"","overlay-gradient":""},"mobile":{"background-color":"var(--ast-global-color-5)","background-image":"","background-repeat":"repeat","background-position":"center center","background-size":"auto","background-attachment":"scroll","background-type":"","background-media":"","overlay-type":"","overlay-color":"","overlay-opacity":"","overlay-gradient":""}},"footnotes":""},"class_list":["post-1406","page","type-page","status-publish","hentry"],"_links":{"self":[{"href":"https:\/\/lastenkirurgia.fi\/zh\/wp-json\/wp\/v2\/pages\/1406","targetHints":{"allow":["GET"]}}],"collection":[{"href":"https:\/\/lastenkirurgia.fi\/zh\/wp-json\/wp\/v2\/pages"}],"about":[{"href":"https:\/\/lastenkirurgia.fi\/zh\/wp-json\/wp\/v2\/types\/page"}],"author":[{"embeddable":true,"href":"https:\/\/lastenkirurgia.fi\/zh\/wp-json\/wp\/v2\/users\/1"}],"replies":[{"embeddable":true,"href":"https:\/\/lastenkirurgia.fi\/zh\/wp-json\/wp\/v2\/comments?post=1406"}],"version-history":[{"count":10,"href":"https:\/\/lastenkirurgia.fi\/zh\/wp-json\/wp\/v2\/pages\/1406\/revisions"}],"predecessor-version":[{"id":1605,"href":"https:\/\/lastenkirurgia.fi\/zh\/wp-json\/wp\/v2\/pages\/1406\/revisions\/1605"}],"wp:attachment":[{"href":"https:\/\/lastenkirurgia.fi\/zh\/wp-json\/wp\/v2\/media?parent=1406"}],"curies":[{"name":"wp","href":"https:\/\/api.w.org\/{rel}","templated":true}]}}